{"id":1801,"date":"2022-04-06T19:00:06","date_gmt":"2022-04-06T19:00:06","guid":{"rendered":"http:\/\/schmidmayring.de\/?page_id=1801"},"modified":"2022-10-24T14:39:29","modified_gmt":"2022-10-24T14:39:29","slug":"datenschutz","status":"publish","type":"page","link":"http:\/\/schmidmayring.de\/en\/datenschutz","title":{"rendered":"Datenschutz"},"content":{"rendered":"<div data-elementor-type=\"wp-page\" data-elementor-id=\"1801\" class=\"elementor elementor-1801\" data-elementor-post-type=\"page\">\n\t\t\t\t\t\t<section class=\"elementor-section elementor-top-section elementor-element elementor-element-e53544e elementor-section-height-min-height elementor-section-boxed elementor-section-height-default elementor-section-items-middle\" data-id=\"e53544e\" data-element_type=\"section\" data-e-type=\"section\" data-settings=\"{&quot;background_background&quot;:&quot;classic&quot;}\">\n\t\t\t\t\t\t<div class=\"elementor-container elementor-column-gap-default\">\n\t\t\t\t\t<div class=\"elementor-column elementor-col-100 elementor-top-column elementor-element elementor-element-c949163\" data-id=\"c949163\" data-element_type=\"column\" data-e-type=\"column\">\n\t\t\t<div class=\"elementor-widget-wrap\">\n\t\t\t\t\t\t\t<\/div>\n\t\t<\/div>\n\t\t\t\t\t<\/div>\n\t\t<\/section>\n\t\t\t\t<section class=\"elementor-section elementor-top-section elementor-element elementor-element-bb98c52 elementor-section-boxed elementor-section-height-default elementor-section-height-default\" data-id=\"bb98c52\" data-element_type=\"section\" data-e-type=\"section\">\n\t\t\t\t\t\t<div class=\"elementor-container elementor-column-gap-default\">\n\t\t\t\t\t<div class=\"elementor-column elementor-col-100 elementor-top-column elementor-element elementor-element-6dc61e3\" data-id=\"6dc61e3\" data-element_type=\"column\" data-e-type=\"column\">\n\t\t\t<div class=\"elementor-widget-wrap elementor-element-populated\">\n\t\t\t\t\t\t<div class=\"elementor-element elementor-element-726f469 elementor-widget elementor-widget-text-editor\" data-id=\"726f469\" data-element_type=\"widget\" data-e-type=\"widget\" data-widget_type=\"text-editor.default\">\n\t\t\t\t<div class=\"elementor-widget-container\">\n\t\t\t\t\t\t\t\t\t<div class=\"headline-text__headline-block col s12 center\"><h1 class=\"headline-text__headline\">\u00a0<\/h1><div class=\"headline-text__headline-block col s12 center\"><h1 class=\"headline-text__headline\">Datenschutzerkl\u00e4rung der Zahnarztpraxis Schmid &amp; Mayring<\/h1><div class=\"headline-text__divider\">\u00a0<\/div><\/div><div class=\"headline-text__text-block-center col s12\"><div class=\"headline-text__text\"><p>Wir freuen uns \u00fcber Ihr Interesse an unserer Zahnarztpraxis und unserem Online-Auftritt. Nat\u00fcrlich legen<br \/>wir gr\u00f6\u00dften Wert auf den Schutz Ihrer Daten und die Wahrung Ihrer Privatsph\u00e4re &#8211; in der Praxis wie auch<br \/>bei diesem Internet-Auftritt. Wir erheben Ihre personenbezogenen Daten online nur sofern f\u00fcr uns<br \/>erforderlich und nur in n\u00f6tigem Umfang: online zur Bearbeitung und Beantwortung von Anfragen. Im<br \/>Kontaktformular werden nur Ihr Name, Ihre Telefonnummer und die Email-Adresse zur Kontaktaufnahme<br \/>erfragt.<\/p><p>Wenn Sie diese Auskunft nicht erteilen m\u00f6chten, kontaktieren Sie uns bitte zur Terminvereinbarung<br \/>telefonisch unter der 089.36105040<\/p><p>Um sicher zu stellen, dass Sie in vollem Umfang \u00fcber die Erhebung und Verwendung<br \/>personenbezogener Daten auf unseren Webseiten Bescheid wissen, haben wir uns die M\u00fche gemacht,<br \/>Ihnen diese Information umfassend und verst\u00e4ndlich zusammenzustellen. Wir m\u00f6chten Ihnen versichern,<br \/>alle n\u00f6tigen organisatorischen wie technischen Bem\u00fchungen vorzunehmen, um Ihre Daten zu sch\u00fctzen.<br \/>Durch die Nutzung dieser Website erkl\u00e4ren Sie sich mit der Bearbeitung der \u00fcber Sie gesammelten<br \/>Daten durch die hier beschriebene Art und Weise einverstanden.<br \/>Der Datenerhebung und -speicherung kann jederzeit mit Wirkung f\u00fcr die Zukunft widersprochen werden.<br \/>Wenn Sie weitere Fragen zum Thema Datenschutz haben oder Widerspruch einlegen m\u00f6chten,<br \/>kontaktieren Sie uns bitte:<\/p><p><b>\u00a0<\/b><\/p><p><b>Datenschutzbeauftragte der Zahnarztpraxis Schmid &amp; Mayring sind:<\/b><\/p><p>Matthias Mayring und Valerie Schmid<br \/>Leopoldstr. 115<br \/>80804 Munich<br \/>089 36105040<br \/><a href=\"mailto:praxis@schmidmayring.de\">praxis@schmidmayring.de<\/a><\/p><p><b>\u00a0<\/b><\/p><p><b>Anonyme Datenerhebung<\/b><\/p><p>Grunds\u00e4tzlich k\u00f6nnen Sie unsere Webseiten besuchen, ohne uns mitzuteilen, wer Sie sind. Aus<br \/>technischen Gr\u00fcnden erheben und speichern wir automatisch sog. Serverlogdaten, die von Ihrem<br \/>Browser \u00fcbermittelt werden:<\/p><p>Browser-Typ\/-Version Betriebssystem, Referrer URL (die zuvor besuchte Seite), IP Adresse<br \/>(Spamschutz, eindeutige Zuordnung) und Zeitpunkt Ihres Besuches.<\/p><p>Die vom Server gespeicherten Daten k\u00f6nnen Ihnen als nat\u00fcrliche Personen nicht zugeordnet werden.<br \/>Die sogenannten Log-Daten werden automatisch nach einer statistischen Auswertung gel\u00f6scht. Bitte<br \/>haben Sie Verst\u00e4ndnis, dass Serverlogdaten f\u00fcr die Sicherheit und den Schutz dieser Internetpr\u00e4senz<br \/>unbedingt erforderlich sind.<\/p><p><b>\u00a0<\/b><\/p><p><b>Erhebung und Verarbeitung personenbezogener Daten<\/b><\/p><p>Die Software unserer Website speichert aus technischen Gr\u00fcnden die Informationen, die Sie uns bei der<br \/>Verwendung des Kontaktformulars mitteilen. Dies betrifft den angegebenen Namen, die angegebene<br \/>Mail-Adresse, die angegebene Telefonnummer, den Betreff und Ihre Nachricht, die Sie uns wissentlich<br \/>\u00fcbermitteln. Es bleibt Ihnen frei, Phantasiedaten zu \u00fcbermitteln. Bei Missbrauch unseres Angebots,<br \/>Angriffen oder Ver\u00f6ffentlichung von Inhalten, die illegal sind, werden die \u00fcbermittelten Daten auf<br \/>gerichtliche Anordnung weitergegeben.<\/p><p><b>\u00a0<\/b><\/p><p><b>Kontaktformular<\/b><br \/>Die von Ihnen im Kontaktformular eingegebenen Daten wie Name, Telefonnummer, E-Mail und<br \/>Nachricht speichern und verwenden wir nur, um mit Ihnen im Sinne Ihrer Nachricht in Kontakt treten zu<br \/>k\u00f6nnen. Die \u00fcbermittelten Daten werden nur zur Beantwortung von Anfragen verwendet.<\/p><p><b>\u00a0<\/b><\/p><p><b>Betroffenenrechte\/Auskunftsrechte<\/b><\/p><p>Unter den angegebenen Kontaktdaten unseres Datenschutzbeauftragten k\u00f6nnen Sie jederzeit folgende<br \/>Rechte aus\u00fcben:<\/p><ul><li>Auskunft \u00fcber Ihre bei uns gespeicherten Daten und deren Verarbeitung,<\/li><li>Berichtigung unrichtiger personenbezogener Daten,<\/li><li>L\u00f6schung Ihrer bei uns gespeicherten Daten,<\/li><li>Einschr\u00e4nkung der Datenverarbeitung, sofern wir Ihre Daten aufgrund gesetzlicher Pflichten noch nicht l\u00f6schen d\u00fcrfen und<\/li><li>Widerspruch gegen die Verarbeitung Ihrer Daten bei uns.<\/li><\/ul><p>Um Auskunft zu erhalten, m\u00fcssen Sie sich als die Person identifizieren, \u00fcber die wir Auskunft gegeben<br \/>sollen. Damit dies schnellstm\u00f6glich geschehen kann, teilen Sie uns bitte mit, an welchen Daten Sie<br \/>interessiert sind.<\/p><p>Der Datenerhebung und -speicherung kann jederzeit mit Wirkung f\u00fcr die Zukunft widersprochen werden.<br \/>Sie k\u00f6nnen sich jederzeit mit einer Beschwerde an die f\u00fcr Sie zust\u00e4ndige Aufsichtsbeh\u00f6rde wenden. Ihre<br \/>zust\u00e4ndige Aufsichtsbeh\u00f6rde richtet sich nach dem Bundesland Ihres Wohnsitzes, Ihrer Arbeit oder der<br \/>mutma\u00dflichen Verletzung.<\/p><p>Eine Liste der Aufsichtsbeh\u00f6rden (f\u00fcr den nicht\u00f6ffentlichen Bereich) mit Anschrift finden Sie unter:<br \/><a href=\"https:\/\/www.bfdi.bund.de\/DE\/Infothek\/Anschriften_Links\/anschriften_links-node.html\" target=\"_blank\" rel=\"noopener noreferrer\">https:\/\/www.bfdi.bund.de\/DE\/Infothek\/Anschriften_Links\/anschriften_links-node.html<\/a>.<\/p><p><b>\u00a0<\/b><\/p><p><b>Verantwortliche Stelle im Sinne der Datenschutzgesetze, insbesondere der EU-<\/b><br \/><b>Datenschutzgrundverordnung (DSGVO), ist:<\/b><\/p><p>Bayrisches Landesamt f\u00fcr Datenschutzaufsicht (BayLDA)<br \/>Promenade 27<br \/>91522 Ansbach<\/p><p><b>Datensicherheit<\/b><\/p><p>Ihre personenbezogenen Daten werden im Kontaktformular mittels Internet an uns \u00fcbertragen. Wir<br \/>sichern unsere Website und sonstigen Systeme durch technische und organisatorische Ma\u00dfnahmen<br \/>gegen Zugriff, Zerst\u00f6rung, Zugriff, Verlust, Ver\u00e4nderung oder Verbreitung Ihrer Daten durch unbefugte<br \/>Personen.<\/p><p><b>Zwecke der Datenverarbeitung durch die verantwortliche Stelle und Dritte<\/b><\/p><p>Wir verarbeiten Ihre personenbezogenen Daten nur zu den in dieser Datenschutzerkl\u00e4rung genannten<br \/>Zwecken. Eine \u00dcbermittlung Ihrer pers\u00f6nlichen Daten an Dritte zu anderen als den genannten Zwecken<br \/>findet nicht statt. Wir geben Ihre pers\u00f6nlichen Daten nur an Dritte weiter, wenn:<\/p><ul><li>Sie Ihre ausdr\u00fcckliche Einwilligung dazu erteilt haben,<\/li><li>die Verarbeitung zur Abwicklung eines Vertrags mit Ihnen erforderlich ist,<\/li><li>die Verarbeitung zur Erf\u00fcllung einer rechtlichen Verpflichtung erforderlich ist,<\/li><\/ul><p>die Verarbeitung zur Wahrung berechtigter Interessen erforderlich ist und kein Grund zur Annahme<br \/>besteht, dass Sie ein \u00fcberwiegendes schutzw\u00fcrdiges Interesse an der Nichtweitergabe Ihrer Daten<br \/>haben.<\/p><p><b>L\u00f6schung bzw. Sperrung der Daten<\/b><\/p><p>Wir halten uns an die Grunds\u00e4tze der Datenvermeidung und Datensparsamkeit. Wir speichern Ihre<br \/>personenbezogenen Daten daher nur so lange, wie dies zur Erreichung der hier genannten Zwecke<br \/>erforderlich ist oder wie es die vom Gesetzgeber vorgesehenen vielf\u00e4ltigen Speicherfristen vorsehen.<br \/>Nach Fortfall des jeweiligen Zweckes bzw. Ablauf dieser Fristen werden die entsprechenden Daten<br \/>routinem\u00e4\u00dfig und entsprechend den gesetzlichen Vorschriften gesperrt oder gel\u00f6scht.<\/p><\/div><\/div><\/div><div class=\"headline-text__text-block-center col s12\"><div class=\"headline-text__text\">\u00a0<\/div><\/div>\t\t\t\t\t\t\t\t<\/div>\n\t\t\t\t<\/div>\n\t\t\t\t\t<\/div>\n\t\t<\/div>\n\t\t\t\t\t<\/div>\n\t\t<\/section>\n\t\t\t\t<section class=\"elementor-section elementor-top-section elementor-element elementor-element-041299d elementor-section-content-bottom elementor-section-boxed elementor-section-height-default elementor-section-height-default\" data-id=\"041299d\" data-element_type=\"section\" data-e-type=\"section\" data-settings=\"{&quot;background_background&quot;:&quot;classic&quot;}\">\n\t\t\t\t\t\t<div class=\"elementor-container elementor-column-gap-default\">\n\t\t\t\t\t<div class=\"elementor-column elementor-col-100 elementor-top-column elementor-element elementor-element-60575cf\" data-id=\"60575cf\" data-element_type=\"column\" data-e-type=\"column\">\n\t\t\t<div class=\"elementor-widget-wrap elementor-element-populated\">\n\t\t\t\t\t\t<div class=\"elementor-element elementor-element-dfa2497 elementor-widget elementor-widget-heading\" data-id=\"dfa2497\" data-element_type=\"widget\" data-e-type=\"widget\" data-widget_type=\"heading.default\">\n\t\t\t\t<div class=\"elementor-widget-container\">\n\t\t\t\t\t<h5 class=\"elementor-heading-title elementor-size-default\">Schmid &amp; Mayring\n<\/h5>\t\t\t\t<\/div>\n\t\t\t\t<\/div>\n\t\t\t\t<section class=\"elementor-section elementor-inner-section elementor-element elementor-element-fa9dcc8 elementor-section-boxed elementor-section-height-default elementor-section-height-default\" data-id=\"fa9dcc8\" data-element_type=\"section\" data-e-type=\"section\">\n\t\t\t\t\t\t<div class=\"elementor-container elementor-column-gap-default\">\n\t\t\t\t\t<div class=\"elementor-column elementor-col-50 elementor-inner-column elementor-element elementor-element-9fcf817\" data-id=\"9fcf817\" data-element_type=\"column\" data-e-type=\"column\">\n\t\t\t<div class=\"elementor-widget-wrap elementor-element-populated\">\n\t\t\t\t\t\t<div class=\"elementor-element elementor-element-854043c elementor-widget elementor-widget-text-editor\" data-id=\"854043c\" data-element_type=\"widget\" data-e-type=\"widget\" data-widget_type=\"text-editor.default\">\n\t\t\t\t<div class=\"elementor-widget-container\">\n\t\t\t\t\t\t\t\t\t<div class=\"row\"><div class=\"col s12\"><div class=\"row\"><div class=\"col s12\"><p class=\"sm-turquoise-text\">Dental Practice Munich (Schwabing)<br \/><span style=\"color: #ffffff; font-family: var( --e-global-typography-d8106cd-font-family ), Sans-serif; font-style: var( --e-global-typography-d8106cd-font-style ); letter-spacing: var( --e-global-typography-d8106cd-letter-spacing ); text-transform: var( --e-global-typography-d8106cd-text-transform ); word-spacing: var( --e-global-typography-d8106cd-word-spacing ); text-decoration: var( --e-global-typography-d8106cd-text-decoration );\"><span style=\"color: #000000; text-decoration: var( --e-global-typography-d8106cd-text-decoration );\">Leopoldstr.<\/span> <span style=\"color: #000000; text-decoration: var( --e-global-typography-d8106cd-text-decoration );\">115<\/span><br \/><\/span>80804 Munich<\/p><\/div><\/div><\/div><\/div><div class=\"row\"><div class=\"col s12 l4\"><div class=\"grey-text text-lighten-4\"><p>Phone: <a href=\"tel:+498936105040\">089 \/ 36 10 50 40<\/a><br \/>Email: <a href=\"mailto:praxis@schmidmayring.de\">praxis@schmidmayring.de<\/a><\/p><p>Appointment: <a href=\"https:\/\/www.doctolib.de\/zahnarztpraxis\/muenchen\/zahnarztpraxis-schmid-mayring\" target=\"_blank\" rel=\"noopener noreferrer\">book online<\/a><\/p><\/div><\/div><\/div>\t\t\t\t\t\t\t\t<\/div>\n\t\t\t\t<\/div>\n\t\t\t\t\t<\/div>\n\t\t<\/div>\n\t\t\t\t<div class=\"elementor-column elementor-col-50 elementor-inner-column elementor-element elementor-element-ed6419e\" data-id=\"ed6419e\" data-element_type=\"column\" data-e-type=\"column\">\n\t\t\t<div class=\"elementor-widget-wrap elementor-element-populated\">\n\t\t\t\t\t\t<div class=\"elementor-element elementor-element-6093461 elementor-widget elementor-widget-heading\" data-id=\"6093461\" data-element_type=\"widget\" data-e-type=\"widget\" data-widget_type=\"heading.default\">\n\t\t\t\t<div class=\"elementor-widget-container\">\n\t\t\t\t\t<h5 class=\"elementor-heading-title elementor-size-default\">OPENING HOURS:<\/h5>\t\t\t\t<\/div>\n\t\t\t\t<\/div>\n\t\t\t\t<div class=\"elementor-element elementor-element-d5f688b elementor-align-center elementor-icon-list--layout-traditional elementor-list-item-link-full_width elementor-widget elementor-widget-icon-list\" data-id=\"d5f688b\" data-element_type=\"widget\" data-e-type=\"widget\" data-widget_type=\"icon-list.default\">\n\t\t\t\t<div class=\"elementor-widget-container\">\n\t\t\t\t\t\t\t<ul class=\"elementor-icon-list-items\">\n\t\t\t\t\t\t\t<li class=\"elementor-icon-list-item\">\n\t\t\t\t\t\t\t\t\t\t<span class=\"elementor-icon-list-text\">Monday - Thursday\u00a0 \u00a0 08:00\u201320:00<\/span>\n\t\t\t\t\t\t\t\t\t<\/li>\n\t\t\t\t\t\t\t\t<li class=\"elementor-icon-list-item\">\n\t\t\t\t\t\t\t\t\t\t<span class=\"elementor-icon-list-text\">Friday \u00a0 \u00a0 \u00a0 \u00a0 \u00a0 \u00a0 \u00a0 \u00a0  \u00a0 \u00a0 \u00a0 \u00a0\u00a0 \u00a0 \u00a0  \u00a008:00\u201315:00<\/span>\n\t\t\t\t\t\t\t\t\t<\/li>\n\t\t\t\t\t\t<\/ul>\n\t\t\t\t\t\t<\/div>\n\t\t\t\t<\/div>\n\t\t\t\t\t<\/div>\n\t\t<\/div>\n\t\t\t\t\t<\/div>\n\t\t<\/section>\n\t\t\t\t\t<\/div>\n\t\t<\/div>\n\t\t\t\t\t<\/div>\n\t\t<\/section>\n\t\t\t\t<section class=\"elementor-section elementor-top-section elementor-element elementor-element-b052634 elementor-section-content-bottom elementor-section-boxed elementor-section-height-default elementor-section-height-default\" data-id=\"b052634\" data-element_type=\"section\" data-e-type=\"section\" data-settings=\"{&quot;background_background&quot;:&quot;classic&quot;}\">\n\t\t\t\t\t\t<div class=\"elementor-container elementor-column-gap-no\">\n\t\t\t\t\t<div class=\"elementor-column elementor-col-33 elementor-top-column elementor-element elementor-element-2bfba2e\" data-id=\"2bfba2e\" data-element_type=\"column\" data-e-type=\"column\">\n\t\t\t<div class=\"elementor-widget-wrap elementor-element-populated\">\n\t\t\t\t\t\t<div class=\"elementor-element elementor-element-6b9ea1e elementor-widget elementor-widget-heading\" data-id=\"6b9ea1e\" data-element_type=\"widget\" data-e-type=\"widget\" data-widget_type=\"heading.default\">\n\t\t\t\t<div class=\"elementor-widget-container\">\n\t\t\t\t\t<h2 class=\"elementor-heading-title elementor-size-default\"><a href=\"http:\/\/schmidmayring.de\/en\/impressum\/\">Impressum  <\/a><\/h2>\t\t\t\t<\/div>\n\t\t\t\t<\/div>\n\t\t\t\t\t<\/div>\n\t\t<\/div>\n\t\t\t\t<div class=\"elementor-column elementor-col-33 elementor-top-column elementor-element elementor-element-5546062\" data-id=\"5546062\" data-element_type=\"column\" data-e-type=\"column\">\n\t\t\t<div class=\"elementor-widget-wrap elementor-element-populated\">\n\t\t\t\t\t\t<div class=\"elementor-element elementor-element-2b8f9c2 elementor-widget elementor-widget-text-editor\" data-id=\"2b8f9c2\" data-element_type=\"widget\" data-e-type=\"widget\" data-widget_type=\"text-editor.default\">\n\t\t\t\t<div class=\"elementor-widget-container\">\n\t\t\t\t\t\t\t\t\t<p>\u00a9 2022 Schmid &amp; Mayring &#8211; Zahnarztpraxis M\u00fcnchen<\/p>\t\t\t\t\t\t\t\t<\/div>\n\t\t\t\t<\/div>\n\t\t\t\t\t<\/div>\n\t\t<\/div>\n\t\t\t\t<div class=\"elementor-column elementor-col-33 elementor-top-column elementor-element elementor-element-1af5ccc\" data-id=\"1af5ccc\" data-element_type=\"column\" data-e-type=\"column\">\n\t\t\t<div class=\"elementor-widget-wrap elementor-element-populated\">\n\t\t\t\t\t\t<div class=\"elementor-element elementor-element-6737aaa elementor-widget elementor-widget-heading\" data-id=\"6737aaa\" data-element_type=\"widget\" data-e-type=\"widget\" data-widget_type=\"heading.default\">\n\t\t\t\t<div class=\"elementor-widget-container\">\n\t\t\t\t\t<h2 class=\"elementor-heading-title elementor-size-default\"><a href=\"http:\/\/schmidmayring.de\/en\/datenschutz\/\">Datenschutz<\/a><\/h2>\t\t\t\t<\/div>\n\t\t\t\t<\/div>\n\t\t\t\t\t<\/div>\n\t\t<\/div>\n\t\t\t\t\t<\/div>\n\t\t<\/section>\n\t\t\t\t<\/div>","protected":false},"excerpt":{"rendered":"<p>\u00a0 Datenschutzerkl\u00e4rung der Zahnarztpraxis Schmid &amp; Mayring \u00a0 Wir freuen uns \u00fcber Ihr Interesse an unserer Zahnarztpraxis und unserem Online-Auftritt. Nat\u00fcrlich legenwir gr\u00f6\u00dften Wert auf den Schutz Ihrer Daten und die Wahrung Ihrer Privatsph\u00e4re &#8211; in der Praxis wie auchbei diesem Internet-Auftritt. Wir erheben Ihre personenbezogenen Daten online nur sofern f\u00fcr unserforderlich und nur in [&hellip;]<\/p>\n","protected":false},"author":1,"featured_media":0,"parent":0,"menu_order":0,"comment_status":"closed","ping_status":"closed","template":"","meta":{"footnotes":""},"class_list":["post-1801","page","type-page","status-publish","hentry"],"yoast_head":"<!-- This site is optimized with the Yoast SEO plugin v27.4 - https:\/\/yoast.com\/product\/yoast-seo-wordpress\/ -->\n<title>Datenschutz - Schmid &amp; Mayring<\/title>\n<meta name=\"robots\" content=\"index, follow, max-snippet:-1, max-image-preview:large, max-video-preview:-1\" \/>\n<link rel=\"canonical\" href=\"https:\/\/schmidmayring.de\/en\/datenschutz\/\" \/>\n<meta property=\"og:locale\" content=\"en_GB\" \/>\n<meta property=\"og:type\" content=\"article\" \/>\n<meta property=\"og:title\" content=\"Datenschutz - Schmid &amp; Mayring\" \/>\n<meta property=\"og:description\" content=\"\u00a0 Datenschutzerkl\u00e4rung der Zahnarztpraxis Schmid &amp; Mayring \u00a0 Wir freuen uns \u00fcber Ihr Interesse an unserer Zahnarztpraxis und unserem Online-Auftritt. Nat\u00fcrlich legenwir gr\u00f6\u00dften Wert auf den Schutz Ihrer Daten und die Wahrung Ihrer Privatsph\u00e4re &#8211; in der Praxis wie auchbei diesem Internet-Auftritt. Wir erheben Ihre personenbezogenen Daten online nur sofern f\u00fcr unserforderlich und nur in [&hellip;]\" \/>\n<meta property=\"og:url\" content=\"https:\/\/schmidmayring.de\/en\/datenschutz\/\" \/>\n<meta property=\"og:site_name\" content=\"Schmid &amp; Mayring\" \/>\n<meta property=\"article:modified_time\" content=\"2022-10-24T14:39:29+00:00\" \/>\n<meta name=\"twitter:card\" content=\"summary_large_image\" \/>\n<meta name=\"twitter:label1\" content=\"Estimated reading time\" \/>\n\t<meta name=\"twitter:data1\" content=\"5 minutes\" \/>\n<script type=\"application\/ld+json\" class=\"yoast-schema-graph\">{\"@context\":\"https:\\\/\\\/schema.org\",\"@graph\":[{\"@type\":\"WebPage\",\"@id\":\"https:\\\/\\\/schmidmayring.de\\\/datenschutz\",\"url\":\"https:\\\/\\\/schmidmayring.de\\\/datenschutz\",\"name\":\"Datenschutz - Schmid &amp; Mayring\",\"isPartOf\":{\"@id\":\"https:\\\/\\\/schmidmayring.de\\\/#website\"},\"datePublished\":\"2022-04-06T19:00:06+00:00\",\"dateModified\":\"2022-10-24T14:39:29+00:00\",\"breadcrumb\":{\"@id\":\"https:\\\/\\\/schmidmayring.de\\\/datenschutz#breadcrumb\"},\"inLanguage\":\"en-GB\",\"potentialAction\":[{\"@type\":\"ReadAction\",\"target\":[\"https:\\\/\\\/schmidmayring.de\\\/datenschutz\"]}]},{\"@type\":\"BreadcrumbList\",\"@id\":\"https:\\\/\\\/schmidmayring.de\\\/datenschutz#breadcrumb\",\"itemListElement\":[{\"@type\":\"ListItem\",\"position\":1,\"name\":\"Startseite\",\"item\":\"https:\\\/\\\/schmidmayring.de\\\/\"},{\"@type\":\"ListItem\",\"position\":2,\"name\":\"Datenschutz\"}]},{\"@type\":\"WebSite\",\"@id\":\"https:\\\/\\\/schmidmayring.de\\\/#website\",\"url\":\"https:\\\/\\\/schmidmayring.de\\\/\",\"name\":\"Schmid &amp; Mayring\",\"description\":\"\",\"publisher\":{\"@id\":\"https:\\\/\\\/schmidmayring.de\\\/#organization\"},\"potentialAction\":[{\"@type\":\"SearchAction\",\"target\":{\"@type\":\"EntryPoint\",\"urlTemplate\":\"https:\\\/\\\/schmidmayring.de\\\/?s={search_term_string}\"},\"query-input\":{\"@type\":\"PropertyValueSpecification\",\"valueRequired\":true,\"valueName\":\"search_term_string\"}}],\"inLanguage\":\"en-GB\"},{\"@type\":\"Organization\",\"@id\":\"https:\\\/\\\/schmidmayring.de\\\/#organization\",\"name\":\"Schmid &amp; Mayring\",\"url\":\"https:\\\/\\\/schmidmayring.de\\\/\",\"logo\":{\"@type\":\"ImageObject\",\"inLanguage\":\"en-GB\",\"@id\":\"https:\\\/\\\/schmidmayring.de\\\/#\\\/schema\\\/logo\\\/image\\\/\",\"url\":\"https:\\\/\\\/schmidmayring.de\\\/wp-content\\\/uploads\\\/2022\\\/03\\\/zahn-11.svg\",\"contentUrl\":\"https:\\\/\\\/schmidmayring.de\\\/wp-content\\\/uploads\\\/2022\\\/03\\\/zahn-11.svg\",\"width\":512,\"height\":512,\"caption\":\"Schmid &amp; Mayring\"},\"image\":{\"@id\":\"https:\\\/\\\/schmidmayring.de\\\/#\\\/schema\\\/logo\\\/image\\\/\"}}]}<\/script>\n<!-- \/ Yoast SEO plugin. -->","yoast_head_json":{"title":"Datenschutz - Schmid &amp; Mayring","robots":{"index":"index","follow":"follow","max-snippet":"max-snippet:-1","max-image-preview":"max-image-preview:large","max-video-preview":"max-video-preview:-1"},"canonical":"https:\/\/schmidmayring.de\/en\/datenschutz\/","og_locale":"en_GB","og_type":"article","og_title":"Datenschutz - Schmid &amp; Mayring","og_description":"\u00a0 Datenschutzerkl\u00e4rung der Zahnarztpraxis Schmid &amp; Mayring \u00a0 Wir freuen uns \u00fcber Ihr Interesse an unserer Zahnarztpraxis und unserem Online-Auftritt. Nat\u00fcrlich legenwir gr\u00f6\u00dften Wert auf den Schutz Ihrer Daten und die Wahrung Ihrer Privatsph\u00e4re &#8211; in der Praxis wie auchbei diesem Internet-Auftritt. Wir erheben Ihre personenbezogenen Daten online nur sofern f\u00fcr unserforderlich und nur in [&hellip;]","og_url":"https:\/\/schmidmayring.de\/en\/datenschutz\/","og_site_name":"Schmid &amp; Mayring","article_modified_time":"2022-10-24T14:39:29+00:00","twitter_card":"summary_large_image","twitter_misc":{"Estimated reading time":"5 minutes"},"schema":{"@context":"https:\/\/schema.org","@graph":[{"@type":"WebPage","@id":"https:\/\/schmidmayring.de\/datenschutz","url":"https:\/\/schmidmayring.de\/datenschutz","name":"Datenschutz - Schmid &amp; Mayring","isPartOf":{"@id":"https:\/\/schmidmayring.de\/#website"},"datePublished":"2022-04-06T19:00:06+00:00","dateModified":"2022-10-24T14:39:29+00:00","breadcrumb":{"@id":"https:\/\/schmidmayring.de\/datenschutz#breadcrumb"},"inLanguage":"en-GB","potentialAction":[{"@type":"ReadAction","target":["https:\/\/schmidmayring.de\/datenschutz"]}]},{"@type":"BreadcrumbList","@id":"https:\/\/schmidmayring.de\/datenschutz#breadcrumb","itemListElement":[{"@type":"ListItem","position":1,"name":"Startseite","item":"https:\/\/schmidmayring.de\/"},{"@type":"ListItem","position":2,"name":"Datenschutz"}]},{"@type":"WebSite","@id":"https:\/\/schmidmayring.de\/#website","url":"https:\/\/schmidmayring.de\/","name":"Schmid &amp; Mayring","description":"","publisher":{"@id":"https:\/\/schmidmayring.de\/#organization"},"potentialAction":[{"@type":"SearchAction","target":{"@type":"EntryPoint","urlTemplate":"https:\/\/schmidmayring.de\/?s={search_term_string}"},"query-input":{"@type":"PropertyValueSpecification","valueRequired":true,"valueName":"search_term_string"}}],"inLanguage":"en-GB"},{"@type":"Organization","@id":"https:\/\/schmidmayring.de\/#organization","name":"Schmid &amp; Mayring","url":"https:\/\/schmidmayring.de\/","logo":{"@type":"ImageObject","inLanguage":"en-GB","@id":"https:\/\/schmidmayring.de\/#\/schema\/logo\/image\/","url":"https:\/\/schmidmayring.de\/wp-content\/uploads\/2022\/03\/zahn-11.svg","contentUrl":"https:\/\/schmidmayring.de\/wp-content\/uploads\/2022\/03\/zahn-11.svg","width":512,"height":512,"caption":"Schmid &amp; Mayring"},"image":{"@id":"https:\/\/schmidmayring.de\/#\/schema\/logo\/image\/"}}]}},"_links":{"self":[{"href":"http:\/\/schmidmayring.de\/en\/wp-json\/wp\/v2\/pages\/1801","targetHints":{"allow":["GET"]}}],"collection":[{"href":"http:\/\/schmidmayring.de\/en\/wp-json\/wp\/v2\/pages"}],"about":[{"href":"http:\/\/schmidmayring.de\/en\/wp-json\/wp\/v2\/types\/page"}],"author":[{"embeddable":true,"href":"http:\/\/schmidmayring.de\/en\/wp-json\/wp\/v2\/users\/1"}],"replies":[{"embeddable":true,"href":"http:\/\/schmidmayring.de\/en\/wp-json\/wp\/v2\/comments?post=1801"}],"version-history":[{"count":7,"href":"http:\/\/schmidmayring.de\/en\/wp-json\/wp\/v2\/pages\/1801\/revisions"}],"predecessor-version":[{"id":2620,"href":"http:\/\/schmidmayring.de\/en\/wp-json\/wp\/v2\/pages\/1801\/revisions\/2620"}],"wp:attachment":[{"href":"http:\/\/schmidmayring.de\/en\/wp-json\/wp\/v2\/media?parent=1801"}],"curies":[{"name":"wp","href":"https:\/\/api.w.org\/{rel}","templated":true}]}}