{"id":722,"date":"2022-03-20T10:47:10","date_gmt":"2022-03-20T10:47:10","guid":{"rendered":"http:\/\/schmidmayring.de\/?page_id=722"},"modified":"2022-10-24T14:04:59","modified_gmt":"2022-10-24T14:04:59","slug":"pzr-recall","status":"publish","type":"page","link":"http:\/\/schmidmayring.de\/en\/pzr-recall","title":{"rendered":"PZR &#038; Recall"},"content":{"rendered":"<div data-elementor-type=\"wp-page\" data-elementor-id=\"722\" class=\"elementor elementor-722\" data-elementor-post-type=\"page\">\n\t\t\t\t\t\t<section class=\"elementor-section elementor-top-section elementor-element elementor-element-11ec99a elementor-section-height-min-height elementor-section-boxed elementor-section-height-default elementor-section-items-middle\" data-id=\"11ec99a\" data-element_type=\"section\" data-e-type=\"section\" data-settings=\"{&quot;background_background&quot;:&quot;classic&quot;}\">\n\t\t\t\t\t\t<div class=\"elementor-container elementor-column-gap-default\">\n\t\t\t\t\t<div class=\"elementor-column elementor-col-100 elementor-top-column elementor-element elementor-element-297cf6e\" data-id=\"297cf6e\" data-element_type=\"column\" data-e-type=\"column\">\n\t\t\t<div class=\"elementor-widget-wrap\">\n\t\t\t\t\t\t\t<\/div>\n\t\t<\/div>\n\t\t\t\t\t<\/div>\n\t\t<\/section>\n\t\t\t\t<section class=\"elementor-section elementor-top-section elementor-element elementor-element-c64e8a2 elementor-section-boxed elementor-section-height-default elementor-section-height-default\" data-id=\"c64e8a2\" data-element_type=\"section\" data-e-type=\"section\">\n\t\t\t\t\t\t<div class=\"elementor-container elementor-column-gap-default\">\n\t\t\t\t\t<div class=\"elementor-column elementor-col-100 elementor-top-column elementor-element elementor-element-80dffc6\" data-id=\"80dffc6\" data-element_type=\"column\" data-e-type=\"column\">\n\t\t\t<div class=\"elementor-widget-wrap elementor-element-populated\">\n\t\t\t\t\t\t<div class=\"elementor-element elementor-element-bbb712c elementor-widget elementor-widget-heading\" data-id=\"bbb712c\" data-element_type=\"widget\" data-e-type=\"widget\" data-widget_type=\"heading.default\">\n\t\t\t\t<div class=\"elementor-widget-container\">\n\t\t\t\t\t<h2 class=\"elementor-heading-title elementor-size-default\">Professional Cleaning- PZR<\/h2>\t\t\t\t<\/div>\n\t\t\t\t<\/div>\n\t\t\t\t<div class=\"elementor-element elementor-element-1dbc543 elementor-widget-divider--view-line_icon elementor-view-default elementor-widget-divider--element-align-center elementor-widget elementor-widget-divider\" data-id=\"1dbc543\" data-element_type=\"widget\" data-e-type=\"widget\" data-widget_type=\"divider.default\">\n\t\t\t\t<div class=\"elementor-widget-container\">\n\t\t\t\t\t\t\t<div class=\"elementor-divider\">\n\t\t\t<span class=\"elementor-divider-separator\">\n\t\t\t\t\t\t\t<div class=\"elementor-icon elementor-divider__element\">\n\t\t\t\t\t<i aria-hidden=\"true\" class=\"fas fa-tooth\"><\/i><\/div>\n\t\t\t\t\t\t<\/span>\n\t\t<\/div>\n\t\t\t\t\t\t<\/div>\n\t\t\t\t<\/div>\n\t\t\t\t\t<\/div>\n\t\t<\/div>\n\t\t\t\t\t<\/div>\n\t\t<\/section>\n\t\t\t\t<section class=\"elementor-section elementor-top-section elementor-element elementor-element-669f9d5 elementor-section-boxed elementor-section-height-default elementor-section-height-default\" data-id=\"669f9d5\" data-element_type=\"section\" data-e-type=\"section\">\n\t\t\t\t\t\t<div class=\"elementor-container elementor-column-gap-default\">\n\t\t\t\t\t<div class=\"elementor-column elementor-col-100 elementor-top-column elementor-element elementor-element-6a02ca5\" data-id=\"6a02ca5\" data-element_type=\"column\" data-e-type=\"column\">\n\t\t\t<div class=\"elementor-widget-wrap elementor-element-populated\">\n\t\t\t\t\t\t<div class=\"elementor-element elementor-element-45a45c2 elementor-widget elementor-widget-text-editor\" data-id=\"45a45c2\" data-element_type=\"widget\" data-e-type=\"widget\" data-widget_type=\"text-editor.default\">\n\t\t\t\t<div class=\"elementor-widget-container\">\n\t\t\t\t\t\t\t\t\t<p>Daily tooth brushing and cleaning of the interdental spaces with dental floss or interdental brushes is part of home care. But this is not enough for optimal dental and oral care. Plaque and tartar still form and cannot be removed on their own.<\/p><p>\u00a0<\/p><p>That's why we help them in our practice with a professional teeth cleaning to clean even the \"unreachable\" places and get rid of unsightly discolouration.<\/p><p>\u00a0<\/p><p>We remove discolouration caused by coffee, tea, wine or smoking by means of effective ultrasonic cleaning and\/or a particularly gentle powder jet procedure known as Airflow. The teeth are then polished to prevent the plaque and discolouring substances from reattaching.\u00a0<\/p><p>\u00a0<\/p><p>A final fluoridation hardens the enamel against attacks of daily life.\u00a0<\/p><p>The detailed oral hygiene consultation, which is very important to us, will help you discover the many little things that you can still improve in your daily oral care at home.<\/p>\t\t\t\t\t\t\t\t<\/div>\n\t\t\t\t<\/div>\n\t\t\t\t\t<\/div>\n\t\t<\/div>\n\t\t\t\t\t<\/div>\n\t\t<\/section>\n\t\t\t\t<section class=\"elementor-section elementor-top-section elementor-element elementor-element-980afd9 elementor-section-boxed elementor-section-height-default elementor-section-height-default\" data-id=\"980afd9\" data-element_type=\"section\" data-e-type=\"section\">\n\t\t\t\t\t\t<div class=\"elementor-container elementor-column-gap-default\">\n\t\t\t\t\t<div class=\"elementor-column elementor-col-100 elementor-top-column elementor-element elementor-element-c6970b3\" data-id=\"c6970b3\" data-element_type=\"column\" data-e-type=\"column\">\n\t\t\t<div class=\"elementor-widget-wrap elementor-element-populated\">\n\t\t\t\t\t\t<div class=\"elementor-element elementor-element-7a424a1 elementor-widget elementor-widget-heading\" data-id=\"7a424a1\" data-element_type=\"widget\" data-e-type=\"widget\" data-widget_type=\"heading.default\">\n\t\t\t\t<div class=\"elementor-widget-container\">\n\t\t\t\t\t<h2 class=\"elementor-heading-title elementor-size-default\">Recall<\/h2>\t\t\t\t<\/div>\n\t\t\t\t<\/div>\n\t\t\t\t<div class=\"elementor-element elementor-element-53b0a00 elementor-widget-divider--view-line_icon elementor-view-default elementor-widget-divider--element-align-center elementor-widget elementor-widget-divider\" data-id=\"53b0a00\" data-element_type=\"widget\" data-e-type=\"widget\" data-widget_type=\"divider.default\">\n\t\t\t\t<div class=\"elementor-widget-container\">\n\t\t\t\t\t\t\t<div class=\"elementor-divider\">\n\t\t\t<span class=\"elementor-divider-separator\">\n\t\t\t\t\t\t\t<div class=\"elementor-icon elementor-divider__element\">\n\t\t\t\t\t<i aria-hidden=\"true\" class=\"fas fa-tooth\"><\/i><\/div>\n\t\t\t\t\t\t<\/span>\n\t\t<\/div>\n\t\t\t\t\t\t<\/div>\n\t\t\t\t<\/div>\n\t\t\t\t\t<\/div>\n\t\t<\/div>\n\t\t\t\t\t<\/div>\n\t\t<\/section>\n\t\t\t\t<section class=\"elementor-section elementor-top-section elementor-element elementor-element-a9f8117 elementor-section-boxed elementor-section-height-default elementor-section-height-default\" data-id=\"a9f8117\" data-element_type=\"section\" data-e-type=\"section\">\n\t\t\t\t\t\t<div class=\"elementor-container elementor-column-gap-default\">\n\t\t\t\t\t<div class=\"elementor-column elementor-col-100 elementor-top-column elementor-element elementor-element-80258a9\" data-id=\"80258a9\" data-element_type=\"column\" data-e-type=\"column\">\n\t\t\t<div class=\"elementor-widget-wrap elementor-element-populated\">\n\t\t\t\t\t\t<div class=\"elementor-element elementor-element-9fde63a elementor-widget elementor-widget-text-editor\" data-id=\"9fde63a\" data-element_type=\"widget\" data-e-type=\"widget\" data-widget_type=\"text-editor.default\">\n\t\t\t\t<div class=\"elementor-widget-container\">\n\t\t\t\t\t\t\t\t\t<p>A constant cleaning of your teeth makes sure your teeth stay healthy.\n\nWe are sure you are also familiar with the fact that constant routine check ups and professional cleanings significantly reduce caries and tooth loss. We all have a lot of things to organise and to think of and this is the reason for the most of us why we do not go for our routinely check-ups. We simply forget that we are due.\n\nThis is why we offer a special service \u2013 the Recall.&nbsp;<\/p><p><br><\/p>\n<p>We will remind you for your due check-up and you can decide if you want to come and see us for a routine check up and cleaning. This way you will never miss a check-up again.<\/p>\t\t\t\t\t\t\t\t<\/div>\n\t\t\t\t<\/div>\n\t\t\t\t\t<\/div>\n\t\t<\/div>\n\t\t\t\t\t<\/div>\n\t\t<\/section>\n\t\t\t\t<section class=\"elementor-section elementor-top-section elementor-element elementor-element-2abc5c0 elementor-section-content-bottom elementor-section-boxed elementor-section-height-default elementor-section-height-default\" data-id=\"2abc5c0\" data-element_type=\"section\" data-e-type=\"section\" data-settings=\"{&quot;background_background&quot;:&quot;classic&quot;}\">\n\t\t\t\t\t\t<div class=\"elementor-container elementor-column-gap-default\">\n\t\t\t\t\t<div class=\"elementor-column elementor-col-100 elementor-top-column elementor-element elementor-element-d167048\" data-id=\"d167048\" data-element_type=\"column\" data-e-type=\"column\">\n\t\t\t<div class=\"elementor-widget-wrap elementor-element-populated\">\n\t\t\t\t\t\t<div class=\"elementor-element elementor-element-67efa6e elementor-widget elementor-widget-heading\" data-id=\"67efa6e\" data-element_type=\"widget\" data-e-type=\"widget\" data-widget_type=\"heading.default\">\n\t\t\t\t<div class=\"elementor-widget-container\">\n\t\t\t\t\t<h5 class=\"elementor-heading-title elementor-size-default\">Zahnarztpraxis<\/h5>\t\t\t\t<\/div>\n\t\t\t\t<\/div>\n\t\t\t\t<div class=\"elementor-element elementor-element-aafb92d elementor-widget elementor-widget-heading\" data-id=\"aafb92d\" data-element_type=\"widget\" data-e-type=\"widget\" data-widget_type=\"heading.default\">\n\t\t\t\t<div class=\"elementor-widget-container\">\n\t\t\t\t\t<h5 class=\"elementor-heading-title elementor-size-default\">Schmid &amp; Mayring\n<\/h5>\t\t\t\t<\/div>\n\t\t\t\t<\/div>\n\t\t\t\t<section class=\"elementor-section elementor-inner-section elementor-element elementor-element-1da493e elementor-section-boxed elementor-section-height-default elementor-section-height-default\" data-id=\"1da493e\" data-element_type=\"section\" data-e-type=\"section\">\n\t\t\t\t\t\t<div class=\"elementor-container elementor-column-gap-default\">\n\t\t\t\t\t<div class=\"elementor-column elementor-col-50 elementor-inner-column elementor-element elementor-element-b0908ff\" data-id=\"b0908ff\" data-element_type=\"column\" data-e-type=\"column\">\n\t\t\t<div class=\"elementor-widget-wrap elementor-element-populated\">\n\t\t\t\t\t\t<div class=\"elementor-element elementor-element-a4356e0 elementor-widget elementor-widget-text-editor\" data-id=\"a4356e0\" data-element_type=\"widget\" data-e-type=\"widget\" data-widget_type=\"text-editor.default\">\n\t\t\t\t<div class=\"elementor-widget-container\">\n\t\t\t\t\t\t\t\t\t<div class=\"row\"><div class=\"col s12\"><div class=\"row\"><div class=\"col s12\"><p class=\"sm-turquoise-text\">Dental Practice Munich (Schwabing)<br \/><span style=\"color: #ffffff; font-family: var( --e-global-typography-d8106cd-font-family ), Sans-serif; font-style: var( --e-global-typography-d8106cd-font-style ); letter-spacing: var( --e-global-typography-d8106cd-letter-spacing ); text-transform: var( --e-global-typography-d8106cd-text-transform ); word-spacing: var( --e-global-typography-d8106cd-word-spacing ); text-decoration: var( --e-global-typography-d8106cd-text-decoration );\"><span style=\"color: #000000; text-decoration: var( --e-global-typography-d8106cd-text-decoration );\">Leopoldstr.<\/span> <span style=\"color: #000000; text-decoration: var( --e-global-typography-d8106cd-text-decoration );\">115<\/span><br \/><\/span>80804 Munich<\/p><\/div><\/div><\/div><\/div><div class=\"row\"><div class=\"col s12 l4\"><div class=\"grey-text text-lighten-4\"><p>Phone: <a href=\"tel:+498936105040\">089 \/ 36 10 50 40<\/a><br \/>Email: <a href=\"mailto:praxis@schmidmayring.de\">praxis@schmidmayring.de<\/a><\/p><p>Appointment: <a href=\"https:\/\/www.doctolib.de\/zahnarztpraxis\/muenchen\/zahnarztpraxis-schmid-mayring\" target=\"_blank\" rel=\"noopener noreferrer\">book online<\/a><\/p><\/div><\/div><\/div>\t\t\t\t\t\t\t\t<\/div>\n\t\t\t\t<\/div>\n\t\t\t\t\t<\/div>\n\t\t<\/div>\n\t\t\t\t<div class=\"elementor-column elementor-col-50 elementor-inner-column elementor-element elementor-element-39c8c62\" data-id=\"39c8c62\" data-element_type=\"column\" data-e-type=\"column\">\n\t\t\t<div class=\"elementor-widget-wrap elementor-element-populated\">\n\t\t\t\t\t\t<div class=\"elementor-element elementor-element-7f41b55 elementor-widget elementor-widget-heading\" data-id=\"7f41b55\" data-element_type=\"widget\" data-e-type=\"widget\" data-widget_type=\"heading.default\">\n\t\t\t\t<div class=\"elementor-widget-container\">\n\t\t\t\t\t<h5 class=\"elementor-heading-title elementor-size-default\">OPENING HOURS:<\/h5>\t\t\t\t<\/div>\n\t\t\t\t<\/div>\n\t\t\t\t<div class=\"elementor-element elementor-element-56cfd47 elementor-align-center elementor-mobile-align-start elementor-icon-list--layout-traditional elementor-list-item-link-full_width elementor-widget elementor-widget-icon-list\" data-id=\"56cfd47\" data-element_type=\"widget\" data-e-type=\"widget\" data-widget_type=\"icon-list.default\">\n\t\t\t\t<div class=\"elementor-widget-container\">\n\t\t\t\t\t\t\t<ul class=\"elementor-icon-list-items\">\n\t\t\t\t\t\t\t<li class=\"elementor-icon-list-item\">\n\t\t\t\t\t\t\t\t\t\t<span class=\"elementor-icon-list-text\">Montag - Donnerstag: 08:00 - 20:00<\/span>\n\t\t\t\t\t\t\t\t\t<\/li>\n\t\t\t\t\t\t\t\t<li class=\"elementor-icon-list-item\">\n\t\t\t\t\t\t\t\t\t\t<span class=\"elementor-icon-list-text\">Freitag:\u00a008:00 - 15:00<\/span>\n\t\t\t\t\t\t\t\t\t<\/li>\n\t\t\t\t\t\t<\/ul>\n\t\t\t\t\t\t<\/div>\n\t\t\t\t<\/div>\n\t\t\t\t\t<\/div>\n\t\t<\/div>\n\t\t\t\t\t<\/div>\n\t\t<\/section>\n\t\t\t\t\t<\/div>\n\t\t<\/div>\n\t\t\t\t\t<\/div>\n\t\t<\/section>\n\t\t\t\t<section class=\"elementor-section elementor-top-section elementor-element elementor-element-ab0a619 elementor-section-content-bottom elementor-section-boxed elementor-section-height-default elementor-section-height-default\" data-id=\"ab0a619\" data-element_type=\"section\" data-e-type=\"section\" data-settings=\"{&quot;background_background&quot;:&quot;classic&quot;}\">\n\t\t\t\t\t\t<div class=\"elementor-container elementor-column-gap-no\">\n\t\t\t\t\t<div class=\"elementor-column elementor-col-33 elementor-top-column elementor-element elementor-element-c667f02\" data-id=\"c667f02\" data-element_type=\"column\" data-e-type=\"column\">\n\t\t\t<div class=\"elementor-widget-wrap elementor-element-populated\">\n\t\t\t\t\t\t<div class=\"elementor-element elementor-element-9b5cdfe elementor-widget elementor-widget-heading\" data-id=\"9b5cdfe\" data-element_type=\"widget\" data-e-type=\"widget\" data-widget_type=\"heading.default\">\n\t\t\t\t<div class=\"elementor-widget-container\">\n\t\t\t\t\t<h2 class=\"elementor-heading-title elementor-size-default\"><a href=\"http:\/\/schmidmayring.de\/en\/impressum\/\">Impressum  <\/a><\/h2>\t\t\t\t<\/div>\n\t\t\t\t<\/div>\n\t\t\t\t\t<\/div>\n\t\t<\/div>\n\t\t\t\t<div class=\"elementor-column elementor-col-33 elementor-top-column elementor-element elementor-element-0b9784a\" data-id=\"0b9784a\" data-element_type=\"column\" data-e-type=\"column\">\n\t\t\t<div class=\"elementor-widget-wrap elementor-element-populated\">\n\t\t\t\t\t\t<div class=\"elementor-element elementor-element-01b9d72 elementor-widget elementor-widget-text-editor\" data-id=\"01b9d72\" data-element_type=\"widget\" data-e-type=\"widget\" data-widget_type=\"text-editor.default\">\n\t\t\t\t<div class=\"elementor-widget-container\">\n\t\t\t\t\t\t\t\t\t<p>\u00a9 2022 Schmid &amp; Mayring &#8211; Zahnarztpraxis M\u00fcnchen<\/p>\t\t\t\t\t\t\t\t<\/div>\n\t\t\t\t<\/div>\n\t\t\t\t\t<\/div>\n\t\t<\/div>\n\t\t\t\t<div class=\"elementor-column elementor-col-33 elementor-top-column elementor-element elementor-element-c4efcb9\" data-id=\"c4efcb9\" data-element_type=\"column\" data-e-type=\"column\">\n\t\t\t<div class=\"elementor-widget-wrap elementor-element-populated\">\n\t\t\t\t\t\t<div class=\"elementor-element elementor-element-4291570 elementor-widget elementor-widget-heading\" data-id=\"4291570\" data-element_type=\"widget\" data-e-type=\"widget\" data-widget_type=\"heading.default\">\n\t\t\t\t<div class=\"elementor-widget-container\">\n\t\t\t\t\t<h2 class=\"elementor-heading-title elementor-size-default\"><a href=\"http:\/\/schmidmayring.de\/en\/datenschutz\/\">Datenschutz<\/a><\/h2>\t\t\t\t<\/div>\n\t\t\t\t<\/div>\n\t\t\t\t\t<\/div>\n\t\t<\/div>\n\t\t\t\t\t<\/div>\n\t\t<\/section>\n\t\t\t\t<\/div>","protected":false},"excerpt":{"rendered":"<p>PZR T\u00e4gliches Z\u00e4hneputzen und die Reinigung der Zahnzwischenr\u00e4ume mit\u00a0 Zahnseide oder Zwischenraumb\u00fcrstchen geh\u00f6rt zur h\u00e4uslichen Pflege. Doch dies reicht zur optimalen Zahn -und Mundpflege nicht aus. Es bilden sich trotzdem Bel\u00e4ge und Zahnstein, die man allein nicht entfernen kann. \u00a0 Deshalb helfen wir ihnen in unserer Praxis mit einer professionellen Zahnreinigung auch die \u201eunerreichbaren\u201c Stellen [&hellip;]<\/p>\n","protected":false},"author":1,"featured_media":0,"parent":0,"menu_order":0,"comment_status":"closed","ping_status":"closed","template":"","meta":{"footnotes":""},"class_list":["post-722","page","type-page","status-publish","hentry"],"yoast_head":"<!-- This site is optimized with the Yoast SEO plugin v27.4 - https:\/\/yoast.com\/product\/yoast-seo-wordpress\/ -->\n<title>PZR &amp; Recall - Schmid &amp; Mayring<\/title>\n<meta name=\"robots\" content=\"index, follow, max-snippet:-1, max-image-preview:large, max-video-preview:-1\" \/>\n<link rel=\"canonical\" href=\"https:\/\/schmidmayring.de\/en\/pzr-recall\/\" \/>\n<meta property=\"og:locale\" content=\"en_GB\" \/>\n<meta property=\"og:type\" content=\"article\" \/>\n<meta property=\"og:title\" content=\"PZR &amp; Recall - Schmid &amp; Mayring\" \/>\n<meta property=\"og:description\" content=\"PZR T\u00e4gliches Z\u00e4hneputzen und die Reinigung der Zahnzwischenr\u00e4ume mit\u00a0 Zahnseide oder Zwischenraumb\u00fcrstchen geh\u00f6rt zur h\u00e4uslichen Pflege. Doch dies reicht zur optimalen Zahn -und Mundpflege nicht aus. Es bilden sich trotzdem Bel\u00e4ge und Zahnstein, die man allein nicht entfernen kann. \u00a0 Deshalb helfen wir ihnen in unserer Praxis mit einer professionellen Zahnreinigung auch die \u201eunerreichbaren\u201c Stellen [&hellip;]\" \/>\n<meta property=\"og:url\" content=\"https:\/\/schmidmayring.de\/en\/pzr-recall\/\" \/>\n<meta property=\"og:site_name\" content=\"Schmid &amp; Mayring\" \/>\n<meta property=\"article:modified_time\" content=\"2022-10-24T14:04:59+00:00\" \/>\n<meta name=\"twitter:card\" content=\"summary_large_image\" \/>\n<meta name=\"twitter:label1\" content=\"Estimated reading time\" \/>\n\t<meta name=\"twitter:data1\" content=\"2 minutes\" \/>\n<script type=\"application\/ld+json\" class=\"yoast-schema-graph\">{\"@context\":\"https:\\\/\\\/schema.org\",\"@graph\":[{\"@type\":\"WebPage\",\"@id\":\"https:\\\/\\\/schmidmayring.de\\\/pzr-recall\",\"url\":\"https:\\\/\\\/schmidmayring.de\\\/pzr-recall\",\"name\":\"PZR & Recall - Schmid &amp; Mayring\",\"isPartOf\":{\"@id\":\"https:\\\/\\\/schmidmayring.de\\\/#website\"},\"datePublished\":\"2022-03-20T10:47:10+00:00\",\"dateModified\":\"2022-10-24T14:04:59+00:00\",\"breadcrumb\":{\"@id\":\"https:\\\/\\\/schmidmayring.de\\\/pzr-recall#breadcrumb\"},\"inLanguage\":\"en-GB\",\"potentialAction\":[{\"@type\":\"ReadAction\",\"target\":[\"https:\\\/\\\/schmidmayring.de\\\/pzr-recall\"]}]},{\"@type\":\"BreadcrumbList\",\"@id\":\"https:\\\/\\\/schmidmayring.de\\\/pzr-recall#breadcrumb\",\"itemListElement\":[{\"@type\":\"ListItem\",\"position\":1,\"name\":\"Startseite\",\"item\":\"https:\\\/\\\/schmidmayring.de\\\/\"},{\"@type\":\"ListItem\",\"position\":2,\"name\":\"PZR &#038; Recall\"}]},{\"@type\":\"WebSite\",\"@id\":\"https:\\\/\\\/schmidmayring.de\\\/#website\",\"url\":\"https:\\\/\\\/schmidmayring.de\\\/\",\"name\":\"Schmid &amp; Mayring\",\"description\":\"\",\"publisher\":{\"@id\":\"https:\\\/\\\/schmidmayring.de\\\/#organization\"},\"potentialAction\":[{\"@type\":\"SearchAction\",\"target\":{\"@type\":\"EntryPoint\",\"urlTemplate\":\"https:\\\/\\\/schmidmayring.de\\\/?s={search_term_string}\"},\"query-input\":{\"@type\":\"PropertyValueSpecification\",\"valueRequired\":true,\"valueName\":\"search_term_string\"}}],\"inLanguage\":\"en-GB\"},{\"@type\":\"Organization\",\"@id\":\"https:\\\/\\\/schmidmayring.de\\\/#organization\",\"name\":\"Schmid &amp; Mayring\",\"url\":\"https:\\\/\\\/schmidmayring.de\\\/\",\"logo\":{\"@type\":\"ImageObject\",\"inLanguage\":\"en-GB\",\"@id\":\"https:\\\/\\\/schmidmayring.de\\\/#\\\/schema\\\/logo\\\/image\\\/\",\"url\":\"https:\\\/\\\/schmidmayring.de\\\/wp-content\\\/uploads\\\/2022\\\/03\\\/zahn-11.svg\",\"contentUrl\":\"https:\\\/\\\/schmidmayring.de\\\/wp-content\\\/uploads\\\/2022\\\/03\\\/zahn-11.svg\",\"width\":512,\"height\":512,\"caption\":\"Schmid &amp; Mayring\"},\"image\":{\"@id\":\"https:\\\/\\\/schmidmayring.de\\\/#\\\/schema\\\/logo\\\/image\\\/\"}}]}<\/script>\n<!-- \/ Yoast SEO plugin. -->","yoast_head_json":{"title":"PZR & Recall - Schmid &amp; Mayring","robots":{"index":"index","follow":"follow","max-snippet":"max-snippet:-1","max-image-preview":"max-image-preview:large","max-video-preview":"max-video-preview:-1"},"canonical":"https:\/\/schmidmayring.de\/en\/pzr-recall\/","og_locale":"en_GB","og_type":"article","og_title":"PZR & Recall - Schmid &amp; Mayring","og_description":"PZR T\u00e4gliches Z\u00e4hneputzen und die Reinigung der Zahnzwischenr\u00e4ume mit\u00a0 Zahnseide oder Zwischenraumb\u00fcrstchen geh\u00f6rt zur h\u00e4uslichen Pflege. Doch dies reicht zur optimalen Zahn -und Mundpflege nicht aus. Es bilden sich trotzdem Bel\u00e4ge und Zahnstein, die man allein nicht entfernen kann. \u00a0 Deshalb helfen wir ihnen in unserer Praxis mit einer professionellen Zahnreinigung auch die \u201eunerreichbaren\u201c Stellen [&hellip;]","og_url":"https:\/\/schmidmayring.de\/en\/pzr-recall\/","og_site_name":"Schmid &amp; Mayring","article_modified_time":"2022-10-24T14:04:59+00:00","twitter_card":"summary_large_image","twitter_misc":{"Estimated reading time":"2 minutes"},"schema":{"@context":"https:\/\/schema.org","@graph":[{"@type":"WebPage","@id":"https:\/\/schmidmayring.de\/pzr-recall","url":"https:\/\/schmidmayring.de\/pzr-recall","name":"PZR & Recall - Schmid &amp; Mayring","isPartOf":{"@id":"https:\/\/schmidmayring.de\/#website"},"datePublished":"2022-03-20T10:47:10+00:00","dateModified":"2022-10-24T14:04:59+00:00","breadcrumb":{"@id":"https:\/\/schmidmayring.de\/pzr-recall#breadcrumb"},"inLanguage":"en-GB","potentialAction":[{"@type":"ReadAction","target":["https:\/\/schmidmayring.de\/pzr-recall"]}]},{"@type":"BreadcrumbList","@id":"https:\/\/schmidmayring.de\/pzr-recall#breadcrumb","itemListElement":[{"@type":"ListItem","position":1,"name":"Startseite","item":"https:\/\/schmidmayring.de\/"},{"@type":"ListItem","position":2,"name":"PZR &#038; Recall"}]},{"@type":"WebSite","@id":"https:\/\/schmidmayring.de\/#website","url":"https:\/\/schmidmayring.de\/","name":"Schmid &amp; Mayring","description":"","publisher":{"@id":"https:\/\/schmidmayring.de\/#organization"},"potentialAction":[{"@type":"SearchAction","target":{"@type":"EntryPoint","urlTemplate":"https:\/\/schmidmayring.de\/?s={search_term_string}"},"query-input":{"@type":"PropertyValueSpecification","valueRequired":true,"valueName":"search_term_string"}}],"inLanguage":"en-GB"},{"@type":"Organization","@id":"https:\/\/schmidmayring.de\/#organization","name":"Schmid &amp; Mayring","url":"https:\/\/schmidmayring.de\/","logo":{"@type":"ImageObject","inLanguage":"en-GB","@id":"https:\/\/schmidmayring.de\/#\/schema\/logo\/image\/","url":"https:\/\/schmidmayring.de\/wp-content\/uploads\/2022\/03\/zahn-11.svg","contentUrl":"https:\/\/schmidmayring.de\/wp-content\/uploads\/2022\/03\/zahn-11.svg","width":512,"height":512,"caption":"Schmid &amp; Mayring"},"image":{"@id":"https:\/\/schmidmayring.de\/#\/schema\/logo\/image\/"}}]}},"_links":{"self":[{"href":"http:\/\/schmidmayring.de\/en\/wp-json\/wp\/v2\/pages\/722","targetHints":{"allow":["GET"]}}],"collection":[{"href":"http:\/\/schmidmayring.de\/en\/wp-json\/wp\/v2\/pages"}],"about":[{"href":"http:\/\/schmidmayring.de\/en\/wp-json\/wp\/v2\/types\/page"}],"author":[{"embeddable":true,"href":"http:\/\/schmidmayring.de\/en\/wp-json\/wp\/v2\/users\/1"}],"replies":[{"embeddable":true,"href":"http:\/\/schmidmayring.de\/en\/wp-json\/wp\/v2\/comments?post=722"}],"version-history":[{"count":67,"href":"http:\/\/schmidmayring.de\/en\/wp-json\/wp\/v2\/pages\/722\/revisions"}],"predecessor-version":[{"id":2575,"href":"http:\/\/schmidmayring.de\/en\/wp-json\/wp\/v2\/pages\/722\/revisions\/2575"}],"wp:attachment":[{"href":"http:\/\/schmidmayring.de\/en\/wp-json\/wp\/v2\/media?parent=722"}],"curies":[{"name":"wp","href":"https:\/\/api.w.org\/{rel}","templated":true}]}}