{"id":758,"date":"2022-03-20T11:04:50","date_gmt":"2022-03-20T11:04:50","guid":{"rendered":"http:\/\/schmidmayring.de\/?page_id=758"},"modified":"2022-10-24T14:06:48","modified_gmt":"2022-10-24T14:06:48","slug":"wurzelkanalbehandlungen","status":"publish","type":"page","link":"http:\/\/schmidmayring.de\/en\/wurzelkanalbehandlungen","title":{"rendered":"ROOT CANAL TREATMENTS"},"content":{"rendered":"<div data-elementor-type=\"wp-page\" data-elementor-id=\"758\" class=\"elementor elementor-758\" data-elementor-post-type=\"page\">\n\t\t\t\t\t\t<section class=\"elementor-section elementor-top-section elementor-element elementor-element-11ec99a elementor-section-height-min-height elementor-section-boxed elementor-section-height-default elementor-section-items-middle\" data-id=\"11ec99a\" data-element_type=\"section\" data-e-type=\"section\" data-settings=\"{&quot;background_background&quot;:&quot;classic&quot;}\">\n\t\t\t\t\t\t<div class=\"elementor-container elementor-column-gap-default\">\n\t\t\t\t\t<div class=\"elementor-column elementor-col-100 elementor-top-column elementor-element elementor-element-297cf6e\" data-id=\"297cf6e\" data-element_type=\"column\" data-e-type=\"column\">\n\t\t\t<div class=\"elementor-widget-wrap\">\n\t\t\t\t\t\t\t<\/div>\n\t\t<\/div>\n\t\t\t\t\t<\/div>\n\t\t<\/section>\n\t\t\t\t<section class=\"elementor-section elementor-top-section elementor-element elementor-element-c64e8a2 elementor-section-boxed elementor-section-height-default elementor-section-height-default\" data-id=\"c64e8a2\" data-element_type=\"section\" data-e-type=\"section\">\n\t\t\t\t\t\t<div class=\"elementor-container elementor-column-gap-default\">\n\t\t\t\t\t<div class=\"elementor-column elementor-col-100 elementor-top-column elementor-element elementor-element-80dffc6\" data-id=\"80dffc6\" data-element_type=\"column\" data-e-type=\"column\">\n\t\t\t<div class=\"elementor-widget-wrap elementor-element-populated\">\n\t\t\t\t\t\t<div class=\"elementor-element elementor-element-bbb712c elementor-hidden-desktop elementor-hidden-tablet elementor-widget elementor-widget-heading\" data-id=\"bbb712c\" data-element_type=\"widget\" data-e-type=\"widget\" data-widget_type=\"heading.default\">\n\t\t\t\t<div class=\"elementor-widget-container\">\n\t\t\t\t\t<h2 class=\"elementor-heading-title elementor-size-default\">WURZELKANAL-BEHANDLUNGEN<\/h2>\t\t\t\t<\/div>\n\t\t\t\t<\/div>\n\t\t\t\t<div class=\"elementor-element elementor-element-ae9289e elementor-hidden-mobile elementor-widget elementor-widget-heading\" data-id=\"ae9289e\" data-element_type=\"widget\" data-e-type=\"widget\" data-widget_type=\"heading.default\">\n\t\t\t\t<div class=\"elementor-widget-container\">\n\t\t\t\t\t<h2 class=\"elementor-heading-title elementor-size-default\">ROOT CANAL TREATMENTS<\/h2>\t\t\t\t<\/div>\n\t\t\t\t<\/div>\n\t\t\t\t<div class=\"elementor-element elementor-element-1dbc543 elementor-widget-divider--view-line_icon elementor-view-default elementor-widget-divider--element-align-center elementor-widget elementor-widget-divider\" data-id=\"1dbc543\" data-element_type=\"widget\" data-e-type=\"widget\" data-widget_type=\"divider.default\">\n\t\t\t\t<div class=\"elementor-widget-container\">\n\t\t\t\t\t\t\t<div class=\"elementor-divider\">\n\t\t\t<span class=\"elementor-divider-separator\">\n\t\t\t\t\t\t\t<div class=\"elementor-icon elementor-divider__element\">\n\t\t\t\t\t<i aria-hidden=\"true\" class=\"fas fa-tooth\"><\/i><\/div>\n\t\t\t\t\t\t<\/span>\n\t\t<\/div>\n\t\t\t\t\t\t<\/div>\n\t\t\t\t<\/div>\n\t\t\t\t\t<\/div>\n\t\t<\/div>\n\t\t\t\t\t<\/div>\n\t\t<\/section>\n\t\t\t\t<section class=\"elementor-section elementor-top-section elementor-element elementor-element-669f9d5 elementor-section-boxed elementor-section-height-default elementor-section-height-default\" data-id=\"669f9d5\" data-element_type=\"section\" data-e-type=\"section\">\n\t\t\t\t\t\t<div class=\"elementor-container elementor-column-gap-default\">\n\t\t\t\t\t<div class=\"elementor-column elementor-col-100 elementor-top-column elementor-element elementor-element-6a02ca5\" data-id=\"6a02ca5\" data-element_type=\"column\" data-e-type=\"column\">\n\t\t\t<div class=\"elementor-widget-wrap elementor-element-populated\">\n\t\t\t\t\t\t<div class=\"elementor-element elementor-element-45a45c2 elementor-widget elementor-widget-text-editor\" data-id=\"45a45c2\" data-element_type=\"widget\" data-e-type=\"widget\" data-widget_type=\"text-editor.default\">\n\t\t\t\t<div class=\"elementor-widget-container\">\n\t\t\t\t\t\t\t\t\t<p>If the nerve inside the tooth has either become infected due to caries or has been exposed due to an \"accident\", this usually manifests itself initially with bite pain, ultimately leading to a \"throbbing\" or a thick cheek. In this case, the nerve cavity and its extensions into the roots of the teeth must be cleaned (disinfected) and then sealed again to make it bacteria-proof. To do this, all infected tissue in the nerve cavity is removed, the root canal is widened, disinfected and filled.&nbsp;<\/p><p><br><\/p>\n<p>In our practice, we will be able to precisely locate the canals of your teeth with magnifying glasses and light. Where you can no longer see even with the high magnification, we will work with a device that can determine the exact length via the resistance. And of course we will use the latest preparation techniques to widen the canals. This includes mechanical preparation with nickel-titanium files, which are highly flexible and can therefore follow the natural course of the canal, even if it is strongly curved. The canals are rinsed with physiological solutions and finally sealed with a thermoplastic material.&nbsp;<\/p><p><br><\/p>\n<p>If the tooth is painless or free of inflammation, it can be closed again and restored with a crown or possibly, if the defect is not too large, with a filling.<\/p>\t\t\t\t\t\t\t\t<\/div>\n\t\t\t\t<\/div>\n\t\t\t\t\t<\/div>\n\t\t<\/div>\n\t\t\t\t\t<\/div>\n\t\t<\/section>\n\t\t\t\t<section class=\"elementor-section elementor-top-section elementor-element elementor-element-7f8fe20 elementor-section-content-bottom elementor-section-boxed elementor-section-height-default elementor-section-height-default\" data-id=\"7f8fe20\" data-element_type=\"section\" data-e-type=\"section\" data-settings=\"{&quot;background_background&quot;:&quot;classic&quot;}\">\n\t\t\t\t\t\t<div class=\"elementor-container elementor-column-gap-default\">\n\t\t\t\t\t<div class=\"elementor-column elementor-col-100 elementor-top-column elementor-element elementor-element-8ac2123\" data-id=\"8ac2123\" data-element_type=\"column\" data-e-type=\"column\">\n\t\t\t<div class=\"elementor-widget-wrap elementor-element-populated\">\n\t\t\t\t\t\t<div class=\"elementor-element elementor-element-3d32325 elementor-widget elementor-widget-heading\" data-id=\"3d32325\" data-element_type=\"widget\" data-e-type=\"widget\" data-widget_type=\"heading.default\">\n\t\t\t\t<div class=\"elementor-widget-container\">\n\t\t\t\t\t<h5 class=\"elementor-heading-title elementor-size-default\">Zahnarztpraxis<\/h5>\t\t\t\t<\/div>\n\t\t\t\t<\/div>\n\t\t\t\t<div class=\"elementor-element elementor-element-da083bc elementor-widget elementor-widget-heading\" data-id=\"da083bc\" data-element_type=\"widget\" data-e-type=\"widget\" data-widget_type=\"heading.default\">\n\t\t\t\t<div class=\"elementor-widget-container\">\n\t\t\t\t\t<h5 class=\"elementor-heading-title elementor-size-default\">Schmid &amp; Mayring\n<\/h5>\t\t\t\t<\/div>\n\t\t\t\t<\/div>\n\t\t\t\t<section class=\"elementor-section elementor-inner-section elementor-element elementor-element-65b53a7 elementor-section-boxed elementor-section-height-default elementor-section-height-default\" data-id=\"65b53a7\" data-element_type=\"section\" data-e-type=\"section\">\n\t\t\t\t\t\t<div class=\"elementor-container elementor-column-gap-default\">\n\t\t\t\t\t<div class=\"elementor-column elementor-col-50 elementor-inner-column elementor-element elementor-element-aa546f8\" data-id=\"aa546f8\" data-element_type=\"column\" data-e-type=\"column\">\n\t\t\t<div class=\"elementor-widget-wrap elementor-element-populated\">\n\t\t\t\t\t\t<div class=\"elementor-element elementor-element-2066716 elementor-widget elementor-widget-text-editor\" data-id=\"2066716\" data-element_type=\"widget\" data-e-type=\"widget\" data-widget_type=\"text-editor.default\">\n\t\t\t\t<div class=\"elementor-widget-container\">\n\t\t\t\t\t\t\t\t\t<div class=\"row\"><div class=\"col s12\"><div class=\"row\"><div class=\"col s12\"><p class=\"sm-turquoise-text\">Dental Practice Munich (Schwabing)<br \/><span style=\"color: #ffffff; font-family: var( --e-global-typography-d8106cd-font-family ), Sans-serif; font-style: var( --e-global-typography-d8106cd-font-style ); letter-spacing: var( --e-global-typography-d8106cd-letter-spacing ); text-transform: var( --e-global-typography-d8106cd-text-transform ); word-spacing: var( --e-global-typography-d8106cd-word-spacing ); text-decoration: var( --e-global-typography-d8106cd-text-decoration );\"><span style=\"color: #000000; text-decoration: var( --e-global-typography-d8106cd-text-decoration );\">Leopoldstr.<\/span> <span style=\"color: #000000; text-decoration: var( --e-global-typography-d8106cd-text-decoration );\">115<\/span><br \/><\/span>80804 Munich<\/p><\/div><\/div><\/div><\/div><div class=\"row\"><div class=\"col s12 l4\"><div class=\"grey-text text-lighten-4\"><p>Phone: <a href=\"tel:+498936105040\">089 \/ 36 10 50 40<\/a><br \/>Email: <a href=\"mailto:praxis@schmidmayring.de\">praxis@schmidmayring.de<\/a><\/p><p>Appointment: <a href=\"https:\/\/www.doctolib.de\/zahnarztpraxis\/muenchen\/zahnarztpraxis-schmid-mayring\" target=\"_blank\" rel=\"noopener noreferrer\">book online<\/a><\/p><\/div><\/div><\/div>\t\t\t\t\t\t\t\t<\/div>\n\t\t\t\t<\/div>\n\t\t\t\t\t<\/div>\n\t\t<\/div>\n\t\t\t\t<div class=\"elementor-column elementor-col-50 elementor-inner-column elementor-element elementor-element-63e7bee\" data-id=\"63e7bee\" data-element_type=\"column\" data-e-type=\"column\">\n\t\t\t<div class=\"elementor-widget-wrap elementor-element-populated\">\n\t\t\t\t\t\t<div class=\"elementor-element elementor-element-2508de0 elementor-widget elementor-widget-heading\" data-id=\"2508de0\" data-element_type=\"widget\" data-e-type=\"widget\" data-widget_type=\"heading.default\">\n\t\t\t\t<div class=\"elementor-widget-container\">\n\t\t\t\t\t<h5 class=\"elementor-heading-title elementor-size-default\">OPENING HOURS:<\/h5>\t\t\t\t<\/div>\n\t\t\t\t<\/div>\n\t\t\t\t<div class=\"elementor-element elementor-element-ea5ec3f elementor-align-center elementor-mobile-align-start elementor-icon-list--layout-traditional elementor-list-item-link-full_width elementor-widget elementor-widget-icon-list\" data-id=\"ea5ec3f\" data-element_type=\"widget\" data-e-type=\"widget\" data-widget_type=\"icon-list.default\">\n\t\t\t\t<div class=\"elementor-widget-container\">\n\t\t\t\t\t\t\t<ul class=\"elementor-icon-list-items\">\n\t\t\t\t\t\t\t<li class=\"elementor-icon-list-item\">\n\t\t\t\t\t\t\t\t\t\t<span class=\"elementor-icon-list-text\">Montag - Donnerstag: 08:00 - 20:00<\/span>\n\t\t\t\t\t\t\t\t\t<\/li>\n\t\t\t\t\t\t\t\t<li class=\"elementor-icon-list-item\">\n\t\t\t\t\t\t\t\t\t\t<span class=\"elementor-icon-list-text\">Freitag: 08:00 - 15:00<\/span>\n\t\t\t\t\t\t\t\t\t<\/li>\n\t\t\t\t\t\t<\/ul>\n\t\t\t\t\t\t<\/div>\n\t\t\t\t<\/div>\n\t\t\t\t\t<\/div>\n\t\t<\/div>\n\t\t\t\t\t<\/div>\n\t\t<\/section>\n\t\t\t\t\t<\/div>\n\t\t<\/div>\n\t\t\t\t\t<\/div>\n\t\t<\/section>\n\t\t\t\t<section class=\"elementor-section elementor-top-section elementor-element elementor-element-f47b738 elementor-section-content-bottom elementor-section-boxed elementor-section-height-default elementor-section-height-default\" data-id=\"f47b738\" data-element_type=\"section\" data-e-type=\"section\" data-settings=\"{&quot;background_background&quot;:&quot;classic&quot;}\">\n\t\t\t\t\t\t<div class=\"elementor-container elementor-column-gap-no\">\n\t\t\t\t\t<div class=\"elementor-column elementor-col-33 elementor-top-column elementor-element elementor-element-d67ccaf\" data-id=\"d67ccaf\" data-element_type=\"column\" data-e-type=\"column\">\n\t\t\t<div class=\"elementor-widget-wrap elementor-element-populated\">\n\t\t\t\t\t\t<div class=\"elementor-element elementor-element-2717720 elementor-widget elementor-widget-heading\" data-id=\"2717720\" data-element_type=\"widget\" data-e-type=\"widget\" data-widget_type=\"heading.default\">\n\t\t\t\t<div class=\"elementor-widget-container\">\n\t\t\t\t\t<h2 class=\"elementor-heading-title elementor-size-default\"><a href=\"http:\/\/schmidmayring.de\/en\/impressum\/\">Impressum  <\/a><\/h2>\t\t\t\t<\/div>\n\t\t\t\t<\/div>\n\t\t\t\t\t<\/div>\n\t\t<\/div>\n\t\t\t\t<div class=\"elementor-column elementor-col-33 elementor-top-column elementor-element elementor-element-233d3ba\" data-id=\"233d3ba\" data-element_type=\"column\" data-e-type=\"column\">\n\t\t\t<div class=\"elementor-widget-wrap elementor-element-populated\">\n\t\t\t\t\t\t<div class=\"elementor-element elementor-element-d98ba1b elementor-widget elementor-widget-text-editor\" data-id=\"d98ba1b\" data-element_type=\"widget\" data-e-type=\"widget\" data-widget_type=\"text-editor.default\">\n\t\t\t\t<div class=\"elementor-widget-container\">\n\t\t\t\t\t\t\t\t\t<p>\u00a9 2022 Schmid &amp; Mayring &#8211; Zahnarztpraxis M\u00fcnchen<\/p>\t\t\t\t\t\t\t\t<\/div>\n\t\t\t\t<\/div>\n\t\t\t\t\t<\/div>\n\t\t<\/div>\n\t\t\t\t<div class=\"elementor-column elementor-col-33 elementor-top-column elementor-element elementor-element-f00c9e1\" data-id=\"f00c9e1\" data-element_type=\"column\" data-e-type=\"column\">\n\t\t\t<div class=\"elementor-widget-wrap elementor-element-populated\">\n\t\t\t\t\t\t<div class=\"elementor-element elementor-element-e3e2ff9 elementor-widget elementor-widget-heading\" data-id=\"e3e2ff9\" data-element_type=\"widget\" data-e-type=\"widget\" data-widget_type=\"heading.default\">\n\t\t\t\t<div class=\"elementor-widget-container\">\n\t\t\t\t\t<h2 class=\"elementor-heading-title elementor-size-default\"><a href=\"http:\/\/schmidmayring.de\/en\/datenschutz\/\">Datenschutz<\/a><\/h2>\t\t\t\t<\/div>\n\t\t\t\t<\/div>\n\t\t\t\t\t<\/div>\n\t\t<\/div>\n\t\t\t\t\t<\/div>\n\t\t<\/section>\n\t\t\t\t<\/div>","protected":false},"excerpt":{"rendered":"<p>WURZELKANAL-BEHANDLUNGEN WURZELKANALBEHANDLUNGEN Hat sich der Nerv im Inneren des Zahnes entweder durch Karies infiziert, oder wurde durch einen \u201eUnfall\u201c freigelegt, \u00e4u\u00dfert sich dies meist Anfangs mit Aufbissschmerzen, bis letztlich hin zu einem \u201ePochen\u201c oder der dicken Backe. In diesem Fall muss die Nervh\u00f6hle und seine Forts\u00e4tze in die Zahnwurzeln gereinigt (desinfiziert) und anschlie\u00dfend wieder bakteriendicht [&hellip;]<\/p>\n","protected":false},"author":1,"featured_media":0,"parent":0,"menu_order":0,"comment_status":"closed","ping_status":"closed","template":"","meta":{"footnotes":""},"class_list":["post-758","page","type-page","status-publish","hentry"],"yoast_head":"<!-- This site is optimized with the Yoast SEO plugin v27.4 - https:\/\/yoast.com\/product\/yoast-seo-wordpress\/ -->\n<title>WURZELKANALBEHANDLUNGEN - Schmid &amp; Mayring<\/title>\n<meta name=\"robots\" content=\"index, follow, max-snippet:-1, max-image-preview:large, max-video-preview:-1\" \/>\n<link rel=\"canonical\" href=\"https:\/\/schmidmayring.de\/en\/wurzelkanalbehandlungen\/\" \/>\n<meta property=\"og:locale\" content=\"en_GB\" \/>\n<meta property=\"og:type\" content=\"article\" \/>\n<meta property=\"og:title\" content=\"WURZELKANALBEHANDLUNGEN - Schmid &amp; Mayring\" \/>\n<meta property=\"og:description\" content=\"WURZELKANAL-BEHANDLUNGEN WURZELKANALBEHANDLUNGEN Hat sich der Nerv im Inneren des Zahnes entweder durch Karies infiziert, oder wurde durch einen \u201eUnfall\u201c freigelegt, \u00e4u\u00dfert sich dies meist Anfangs mit Aufbissschmerzen, bis letztlich hin zu einem \u201ePochen\u201c oder der dicken Backe. In diesem Fall muss die Nervh\u00f6hle und seine Forts\u00e4tze in die Zahnwurzeln gereinigt (desinfiziert) und anschlie\u00dfend wieder bakteriendicht [&hellip;]\" \/>\n<meta property=\"og:url\" content=\"https:\/\/schmidmayring.de\/en\/wurzelkanalbehandlungen\/\" \/>\n<meta property=\"og:site_name\" content=\"Schmid &amp; Mayring\" \/>\n<meta property=\"article:modified_time\" content=\"2022-10-24T14:06:48+00:00\" \/>\n<meta name=\"twitter:card\" content=\"summary_large_image\" \/>\n<meta name=\"twitter:label1\" content=\"Estimated reading time\" \/>\n\t<meta name=\"twitter:data1\" content=\"2 minutes\" \/>\n<script type=\"application\/ld+json\" class=\"yoast-schema-graph\">{\"@context\":\"https:\\\/\\\/schema.org\",\"@graph\":[{\"@type\":\"WebPage\",\"@id\":\"https:\\\/\\\/schmidmayring.de\\\/wurzelkanalbehandlungen\",\"url\":\"https:\\\/\\\/schmidmayring.de\\\/wurzelkanalbehandlungen\",\"name\":\"WURZELKANALBEHANDLUNGEN - Schmid &amp; Mayring\",\"isPartOf\":{\"@id\":\"https:\\\/\\\/schmidmayring.de\\\/#website\"},\"datePublished\":\"2022-03-20T11:04:50+00:00\",\"dateModified\":\"2022-10-24T14:06:48+00:00\",\"breadcrumb\":{\"@id\":\"https:\\\/\\\/schmidmayring.de\\\/wurzelkanalbehandlungen#breadcrumb\"},\"inLanguage\":\"en-GB\",\"potentialAction\":[{\"@type\":\"ReadAction\",\"target\":[\"https:\\\/\\\/schmidmayring.de\\\/wurzelkanalbehandlungen\"]}]},{\"@type\":\"BreadcrumbList\",\"@id\":\"https:\\\/\\\/schmidmayring.de\\\/wurzelkanalbehandlungen#breadcrumb\",\"itemListElement\":[{\"@type\":\"ListItem\",\"position\":1,\"name\":\"Startseite\",\"item\":\"https:\\\/\\\/schmidmayring.de\\\/\"},{\"@type\":\"ListItem\",\"position\":2,\"name\":\"WURZELKANALBEHANDLUNGEN\"}]},{\"@type\":\"WebSite\",\"@id\":\"https:\\\/\\\/schmidmayring.de\\\/#website\",\"url\":\"https:\\\/\\\/schmidmayring.de\\\/\",\"name\":\"Schmid &amp; Mayring\",\"description\":\"\",\"publisher\":{\"@id\":\"https:\\\/\\\/schmidmayring.de\\\/#organization\"},\"potentialAction\":[{\"@type\":\"SearchAction\",\"target\":{\"@type\":\"EntryPoint\",\"urlTemplate\":\"https:\\\/\\\/schmidmayring.de\\\/?s={search_term_string}\"},\"query-input\":{\"@type\":\"PropertyValueSpecification\",\"valueRequired\":true,\"valueName\":\"search_term_string\"}}],\"inLanguage\":\"en-GB\"},{\"@type\":\"Organization\",\"@id\":\"https:\\\/\\\/schmidmayring.de\\\/#organization\",\"name\":\"Schmid &amp; Mayring\",\"url\":\"https:\\\/\\\/schmidmayring.de\\\/\",\"logo\":{\"@type\":\"ImageObject\",\"inLanguage\":\"en-GB\",\"@id\":\"https:\\\/\\\/schmidmayring.de\\\/#\\\/schema\\\/logo\\\/image\\\/\",\"url\":\"https:\\\/\\\/schmidmayring.de\\\/wp-content\\\/uploads\\\/2022\\\/03\\\/zahn-11.svg\",\"contentUrl\":\"https:\\\/\\\/schmidmayring.de\\\/wp-content\\\/uploads\\\/2022\\\/03\\\/zahn-11.svg\",\"width\":512,\"height\":512,\"caption\":\"Schmid &amp; Mayring\"},\"image\":{\"@id\":\"https:\\\/\\\/schmidmayring.de\\\/#\\\/schema\\\/logo\\\/image\\\/\"}}]}<\/script>\n<!-- \/ Yoast SEO plugin. -->","yoast_head_json":{"title":"WURZELKANALBEHANDLUNGEN - Schmid &amp; Mayring","robots":{"index":"index","follow":"follow","max-snippet":"max-snippet:-1","max-image-preview":"max-image-preview:large","max-video-preview":"max-video-preview:-1"},"canonical":"https:\/\/schmidmayring.de\/en\/wurzelkanalbehandlungen\/","og_locale":"en_GB","og_type":"article","og_title":"WURZELKANALBEHANDLUNGEN - Schmid &amp; Mayring","og_description":"WURZELKANAL-BEHANDLUNGEN WURZELKANALBEHANDLUNGEN Hat sich der Nerv im Inneren des Zahnes entweder durch Karies infiziert, oder wurde durch einen \u201eUnfall\u201c freigelegt, \u00e4u\u00dfert sich dies meist Anfangs mit Aufbissschmerzen, bis letztlich hin zu einem \u201ePochen\u201c oder der dicken Backe. In diesem Fall muss die Nervh\u00f6hle und seine Forts\u00e4tze in die Zahnwurzeln gereinigt (desinfiziert) und anschlie\u00dfend wieder bakteriendicht [&hellip;]","og_url":"https:\/\/schmidmayring.de\/en\/wurzelkanalbehandlungen\/","og_site_name":"Schmid &amp; Mayring","article_modified_time":"2022-10-24T14:06:48+00:00","twitter_card":"summary_large_image","twitter_misc":{"Estimated reading time":"2 minutes"},"schema":{"@context":"https:\/\/schema.org","@graph":[{"@type":"WebPage","@id":"https:\/\/schmidmayring.de\/wurzelkanalbehandlungen","url":"https:\/\/schmidmayring.de\/wurzelkanalbehandlungen","name":"WURZELKANALBEHANDLUNGEN - Schmid &amp; Mayring","isPartOf":{"@id":"https:\/\/schmidmayring.de\/#website"},"datePublished":"2022-03-20T11:04:50+00:00","dateModified":"2022-10-24T14:06:48+00:00","breadcrumb":{"@id":"https:\/\/schmidmayring.de\/wurzelkanalbehandlungen#breadcrumb"},"inLanguage":"en-GB","potentialAction":[{"@type":"ReadAction","target":["https:\/\/schmidmayring.de\/wurzelkanalbehandlungen"]}]},{"@type":"BreadcrumbList","@id":"https:\/\/schmidmayring.de\/wurzelkanalbehandlungen#breadcrumb","itemListElement":[{"@type":"ListItem","position":1,"name":"Startseite","item":"https:\/\/schmidmayring.de\/"},{"@type":"ListItem","position":2,"name":"WURZELKANALBEHANDLUNGEN"}]},{"@type":"WebSite","@id":"https:\/\/schmidmayring.de\/#website","url":"https:\/\/schmidmayring.de\/","name":"Schmid &amp; Mayring","description":"","publisher":{"@id":"https:\/\/schmidmayring.de\/#organization"},"potentialAction":[{"@type":"SearchAction","target":{"@type":"EntryPoint","urlTemplate":"https:\/\/schmidmayring.de\/?s={search_term_string}"},"query-input":{"@type":"PropertyValueSpecification","valueRequired":true,"valueName":"search_term_string"}}],"inLanguage":"en-GB"},{"@type":"Organization","@id":"https:\/\/schmidmayring.de\/#organization","name":"Schmid &amp; Mayring","url":"https:\/\/schmidmayring.de\/","logo":{"@type":"ImageObject","inLanguage":"en-GB","@id":"https:\/\/schmidmayring.de\/#\/schema\/logo\/image\/","url":"https:\/\/schmidmayring.de\/wp-content\/uploads\/2022\/03\/zahn-11.svg","contentUrl":"https:\/\/schmidmayring.de\/wp-content\/uploads\/2022\/03\/zahn-11.svg","width":512,"height":512,"caption":"Schmid &amp; Mayring"},"image":{"@id":"https:\/\/schmidmayring.de\/#\/schema\/logo\/image\/"}}]}},"_links":{"self":[{"href":"http:\/\/schmidmayring.de\/en\/wp-json\/wp\/v2\/pages\/758","targetHints":{"allow":["GET"]}}],"collection":[{"href":"http:\/\/schmidmayring.de\/en\/wp-json\/wp\/v2\/pages"}],"about":[{"href":"http:\/\/schmidmayring.de\/en\/wp-json\/wp\/v2\/types\/page"}],"author":[{"embeddable":true,"href":"http:\/\/schmidmayring.de\/en\/wp-json\/wp\/v2\/users\/1"}],"replies":[{"embeddable":true,"href":"http:\/\/schmidmayring.de\/en\/wp-json\/wp\/v2\/comments?post=758"}],"version-history":[{"count":61,"href":"http:\/\/schmidmayring.de\/en\/wp-json\/wp\/v2\/pages\/758\/revisions"}],"predecessor-version":[{"id":2593,"href":"http:\/\/schmidmayring.de\/en\/wp-json\/wp\/v2\/pages\/758\/revisions\/2593"}],"wp:attachment":[{"href":"http:\/\/schmidmayring.de\/en\/wp-json\/wp\/v2\/media?parent=758"}],"curies":[{"name":"wp","href":"https:\/\/api.w.org\/{rel}","templated":true}]}}