{"id":736,"date":"2022-03-20T10:56:48","date_gmt":"2022-03-20T10:56:48","guid":{"rendered":"http:\/\/schmidmayring.de\/?page_id=736"},"modified":"2022-10-24T14:05:07","modified_gmt":"2022-10-24T14:05:07","slug":"lasertherapie","status":"publish","type":"page","link":"https:\/\/schmidmayring.de\/en\/lasertherapie","title":{"rendered":"LASER THERAPY"},"content":{"rendered":"<div data-elementor-type=\"wp-page\" data-elementor-id=\"736\" class=\"elementor elementor-736\" data-elementor-post-type=\"page\">\n\t\t\t\t\t\t<section class=\"elementor-section elementor-top-section elementor-element elementor-element-11ec99a elementor-section-height-min-height elementor-section-boxed elementor-section-height-default elementor-section-items-middle\" data-id=\"11ec99a\" data-element_type=\"section\" data-e-type=\"section\" data-settings=\"{&quot;background_background&quot;:&quot;classic&quot;}\">\n\t\t\t\t\t\t<div class=\"elementor-container elementor-column-gap-default\">\n\t\t\t\t\t<div class=\"elementor-column elementor-col-100 elementor-top-column elementor-element elementor-element-297cf6e\" data-id=\"297cf6e\" data-element_type=\"column\" data-e-type=\"column\">\n\t\t\t<div class=\"elementor-widget-wrap\">\n\t\t\t\t\t\t\t<\/div>\n\t\t<\/div>\n\t\t\t\t\t<\/div>\n\t\t<\/section>\n\t\t\t\t<section class=\"elementor-section elementor-top-section elementor-element elementor-element-c64e8a2 elementor-section-boxed elementor-section-height-default elementor-section-height-default\" data-id=\"c64e8a2\" data-element_type=\"section\" data-e-type=\"section\">\n\t\t\t\t\t\t<div class=\"elementor-container elementor-column-gap-default\">\n\t\t\t\t\t<div class=\"elementor-column elementor-col-100 elementor-top-column elementor-element elementor-element-80dffc6\" data-id=\"80dffc6\" data-element_type=\"column\" data-e-type=\"column\">\n\t\t\t<div class=\"elementor-widget-wrap elementor-element-populated\">\n\t\t\t\t\t\t<div class=\"elementor-element elementor-element-bbb712c elementor-widget elementor-widget-heading\" data-id=\"bbb712c\" data-element_type=\"widget\" data-e-type=\"widget\" data-widget_type=\"heading.default\">\n\t\t\t\t<div class=\"elementor-widget-container\">\n\t\t\t\t\t<h2 class=\"elementor-heading-title elementor-size-default\">Laser therapy<\/h2>\t\t\t\t<\/div>\n\t\t\t\t<\/div>\n\t\t\t\t<div class=\"elementor-element elementor-element-1dbc543 elementor-widget-divider--view-line_icon elementor-view-default elementor-widget-divider--element-align-center elementor-widget elementor-widget-divider\" data-id=\"1dbc543\" data-element_type=\"widget\" data-e-type=\"widget\" data-widget_type=\"divider.default\">\n\t\t\t\t<div class=\"elementor-widget-container\">\n\t\t\t\t\t\t\t<div class=\"elementor-divider\">\n\t\t\t<span class=\"elementor-divider-separator\">\n\t\t\t\t\t\t\t<div class=\"elementor-icon elementor-divider__element\">\n\t\t\t\t\t<i aria-hidden=\"true\" class=\"fas fa-tooth\"><\/i><\/div>\n\t\t\t\t\t\t<\/span>\n\t\t<\/div>\n\t\t\t\t\t\t<\/div>\n\t\t\t\t<\/div>\n\t\t\t\t\t<\/div>\n\t\t<\/div>\n\t\t\t\t\t<\/div>\n\t\t<\/section>\n\t\t\t\t<section class=\"elementor-section elementor-top-section elementor-element elementor-element-669f9d5 elementor-section-boxed elementor-section-height-default elementor-section-height-default\" data-id=\"669f9d5\" data-element_type=\"section\" data-e-type=\"section\">\n\t\t\t\t\t\t<div class=\"elementor-container elementor-column-gap-default\">\n\t\t\t\t\t<div class=\"elementor-column elementor-col-100 elementor-top-column elementor-element elementor-element-6a02ca5\" data-id=\"6a02ca5\" data-element_type=\"column\" data-e-type=\"column\">\n\t\t\t<div class=\"elementor-widget-wrap elementor-element-populated\">\n\t\t\t\t\t\t<div class=\"elementor-element elementor-element-45a45c2 elementor-widget elementor-widget-text-editor\" data-id=\"45a45c2\" data-element_type=\"widget\" data-e-type=\"widget\" data-widget_type=\"text-editor.default\">\n\t\t\t\t<div class=\"elementor-widget-container\">\n\t\t\t\t\t\t\t\t\t<p>Laser therapy is an advanced supplement to conventional means and methods of dentistry. The possible uses of lasers in dental treatments are far from exhausted, and yet a variety of advantages of laser therapies have already been proven and clinically confirmed.<\/p><p><br><\/p>\n<p>The advantages of laser therapy are that, for example, suturing wounds is hardly necessary and bleeding can almost be ruled out. The treatment points are immediately sterilised by laser, so that bacterial infections occur very rarely. Healing times are also shorter with the use of laser therapy than with treatment with conventional methods.<\/p><p><br><\/p>\n<p>The laser is used for gum treatment, periodontitis treatment, root canal treatment, implants and surgical procedures. It is also used for herpes treatment.<\/p><p><br><\/p>\n<p>A laser beam is bundled light. When a laser beam hits tissue structures, an effect is left behind that allows us to work in a non-contact and aseptic manner.&nbsp;<\/p><p><br><\/p>\n<p>This allows us to perform a surgical procedure with less bleeding and less trauma.&nbsp;<\/p>\n<p>When supplying dentures in the form of implants, the laser is used to uncover the implants. With the laser, we can accelerate healing and thus shorten the waiting time until the dentures are fitted.&nbsp;<\/p><p><br><\/p>\n<p>We can also reduce bacterial colonization in the case of inflammation in the area of \u200b\u200bthe implants with laser treatment.<\/p><p><br><\/p>\n<p>In periodontal treatment, the laser enables us to perform the procedures with less pain and blood as well. The removal of the inflamed tissue is laser-assisted. Here, too, we achieve a reduction of germs through the laser. The regeneration of injured tissue is guaranteed with laser therapy.<\/p><p><br><\/p>\n<p>But even if you have very sensitive teeth and you are struggling with the typical hot-cold pain, we can offer you laser therapy to support conventional therapy, which usually provides incredible relief.<\/p><p><br><\/p>\n<p>We have a laser of the highest quality in the practice, which guarantees that we work with the highest safety and accuracy.&nbsp;<\/p><p><br><\/p>\n<p>If you are interested in this topic, please contact us. We are happy to provide you with information about this advanced treatment method in our practice.<\/p>\t\t\t\t\t\t\t\t<\/div>\n\t\t\t\t<\/div>\n\t\t\t\t\t<\/div>\n\t\t<\/div>\n\t\t\t\t\t<\/div>\n\t\t<\/section>\n\t\t\t\t<section class=\"elementor-section elementor-top-section elementor-element elementor-element-55a2ee0 elementor-section-content-bottom elementor-section-boxed elementor-section-height-default elementor-section-height-default\" data-id=\"55a2ee0\" data-element_type=\"section\" data-e-type=\"section\" data-settings=\"{&quot;background_background&quot;:&quot;classic&quot;}\">\n\t\t\t\t\t\t<div class=\"elementor-container elementor-column-gap-default\">\n\t\t\t\t\t<div class=\"elementor-column elementor-col-100 elementor-top-column elementor-element elementor-element-177da4a\" data-id=\"177da4a\" data-element_type=\"column\" data-e-type=\"column\">\n\t\t\t<div class=\"elementor-widget-wrap elementor-element-populated\">\n\t\t\t\t\t\t<div class=\"elementor-element elementor-element-6d44833 elementor-widget elementor-widget-heading\" data-id=\"6d44833\" data-element_type=\"widget\" data-e-type=\"widget\" data-widget_type=\"heading.default\">\n\t\t\t\t<div class=\"elementor-widget-container\">\n\t\t\t\t\t<h5 class=\"elementor-heading-title elementor-size-default\">Zahnarztpraxis<\/h5>\t\t\t\t<\/div>\n\t\t\t\t<\/div>\n\t\t\t\t<div class=\"elementor-element elementor-element-c7cfd52 elementor-widget elementor-widget-heading\" data-id=\"c7cfd52\" data-element_type=\"widget\" data-e-type=\"widget\" data-widget_type=\"heading.default\">\n\t\t\t\t<div class=\"elementor-widget-container\">\n\t\t\t\t\t<h5 class=\"elementor-heading-title elementor-size-default\">Schmid &amp; Mayring<\/h5>\t\t\t\t<\/div>\n\t\t\t\t<\/div>\n\t\t\t\t<section class=\"elementor-section elementor-inner-section elementor-element elementor-element-1df21a2 elementor-section-boxed elementor-section-height-default elementor-section-height-default\" data-id=\"1df21a2\" data-element_type=\"section\" data-e-type=\"section\">\n\t\t\t\t\t\t<div class=\"elementor-container elementor-column-gap-default\">\n\t\t\t\t\t<div class=\"elementor-column elementor-col-50 elementor-inner-column elementor-element elementor-element-9332514\" data-id=\"9332514\" data-element_type=\"column\" data-e-type=\"column\">\n\t\t\t<div class=\"elementor-widget-wrap elementor-element-populated\">\n\t\t\t\t\t\t<div class=\"elementor-element elementor-element-4c1ed6a elementor-widget elementor-widget-text-editor\" data-id=\"4c1ed6a\" data-element_type=\"widget\" data-e-type=\"widget\" data-widget_type=\"text-editor.default\">\n\t\t\t\t<div class=\"elementor-widget-container\">\n\t\t\t\t\t\t\t\t\t<div class=\"row\"><div class=\"col s12\"><div class=\"row\"><div class=\"col s12\"><p class=\"sm-turquoise-text\">Dental Practice Munich (Schwabing)<br \/><span style=\"color: #ffffff; font-family: var( --e-global-typography-d8106cd-font-family ), Sans-serif; font-style: var( --e-global-typography-d8106cd-font-style ); letter-spacing: var( --e-global-typography-d8106cd-letter-spacing ); text-transform: var( --e-global-typography-d8106cd-text-transform ); word-spacing: var( --e-global-typography-d8106cd-word-spacing ); text-decoration: var( --e-global-typography-d8106cd-text-decoration );\"><span style=\"color: #000000; text-decoration: var( --e-global-typography-d8106cd-text-decoration );\">Leopoldstr.<\/span> <span style=\"color: #000000; text-decoration: var( --e-global-typography-d8106cd-text-decoration );\">115<\/span><br \/><\/span>80804 Munich<\/p><\/div><\/div><\/div><\/div><div class=\"row\"><div class=\"col s12 l4\"><div class=\"grey-text text-lighten-4\"><p>Phone: <a href=\"tel:+498936105040\">089 \/ 36 10 50 40<\/a><br \/>Email: <a href=\"mailto:praxis@schmidmayring.de\">praxis@schmidmayring.de<\/a><\/p><p>Appointment: <a href=\"https:\/\/www.doctolib.de\/zahnarztpraxis\/muenchen\/zahnarztpraxis-schmid-mayring\" target=\"_blank\" rel=\"noopener noreferrer\">book online<\/a><\/p><\/div><\/div><\/div>\t\t\t\t\t\t\t\t<\/div>\n\t\t\t\t<\/div>\n\t\t\t\t\t<\/div>\n\t\t<\/div>\n\t\t\t\t<div class=\"elementor-column elementor-col-50 elementor-inner-column elementor-element elementor-element-c5fdff2\" data-id=\"c5fdff2\" data-element_type=\"column\" data-e-type=\"column\">\n\t\t\t<div class=\"elementor-widget-wrap elementor-element-populated\">\n\t\t\t\t\t\t<div class=\"elementor-element elementor-element-526471f elementor-widget elementor-widget-heading\" data-id=\"526471f\" data-element_type=\"widget\" data-e-type=\"widget\" data-widget_type=\"heading.default\">\n\t\t\t\t<div class=\"elementor-widget-container\">\n\t\t\t\t\t<h5 class=\"elementor-heading-title elementor-size-default\">OPENING HOURS:<\/h5>\t\t\t\t<\/div>\n\t\t\t\t<\/div>\n\t\t\t\t<div class=\"elementor-element elementor-element-963d0aa elementor-align-center elementor-mobile-align-start elementor-icon-list--layout-traditional elementor-list-item-link-full_width elementor-widget elementor-widget-icon-list\" data-id=\"963d0aa\" data-element_type=\"widget\" data-e-type=\"widget\" data-widget_type=\"icon-list.default\">\n\t\t\t\t<div class=\"elementor-widget-container\">\n\t\t\t\t\t\t\t<ul class=\"elementor-icon-list-items\">\n\t\t\t\t\t\t\t<li class=\"elementor-icon-list-item\">\n\t\t\t\t\t\t\t\t\t\t<span class=\"elementor-icon-list-text\">Montag - Donnerstag: 08:00 - 20:00<\/span>\n\t\t\t\t\t\t\t\t\t<\/li>\n\t\t\t\t\t\t\t\t<li class=\"elementor-icon-list-item\">\n\t\t\t\t\t\t\t\t\t\t<span class=\"elementor-icon-list-text\">Freitag: 08:00 - 15:00<\/span>\n\t\t\t\t\t\t\t\t\t<\/li>\n\t\t\t\t\t\t<\/ul>\n\t\t\t\t\t\t<\/div>\n\t\t\t\t<\/div>\n\t\t\t\t\t<\/div>\n\t\t<\/div>\n\t\t\t\t\t<\/div>\n\t\t<\/section>\n\t\t\t\t\t<\/div>\n\t\t<\/div>\n\t\t\t\t\t<\/div>\n\t\t<\/section>\n\t\t\t\t<section class=\"elementor-section elementor-top-section elementor-element elementor-element-342a6b9 elementor-section-content-bottom elementor-section-boxed elementor-section-height-default elementor-section-height-default\" data-id=\"342a6b9\" data-element_type=\"section\" data-e-type=\"section\" data-settings=\"{&quot;background_background&quot;:&quot;classic&quot;}\">\n\t\t\t\t\t\t<div class=\"elementor-container elementor-column-gap-no\">\n\t\t\t\t\t<div class=\"elementor-column elementor-col-33 elementor-top-column elementor-element elementor-element-fa568c0\" data-id=\"fa568c0\" data-element_type=\"column\" data-e-type=\"column\">\n\t\t\t<div class=\"elementor-widget-wrap elementor-element-populated\">\n\t\t\t\t\t\t<div class=\"elementor-element elementor-element-b1f0b0f elementor-widget elementor-widget-heading\" data-id=\"b1f0b0f\" data-element_type=\"widget\" data-e-type=\"widget\" data-widget_type=\"heading.default\">\n\t\t\t\t<div class=\"elementor-widget-container\">\n\t\t\t\t\t<h2 class=\"elementor-heading-title elementor-size-default\"><a href=\"http:\/\/schmidmayring.de\/en\/impressum\/\">Impressum  <\/a><\/h2>\t\t\t\t<\/div>\n\t\t\t\t<\/div>\n\t\t\t\t\t<\/div>\n\t\t<\/div>\n\t\t\t\t<div class=\"elementor-column elementor-col-33 elementor-top-column elementor-element elementor-element-d400893\" data-id=\"d400893\" data-element_type=\"column\" data-e-type=\"column\">\n\t\t\t<div class=\"elementor-widget-wrap elementor-element-populated\">\n\t\t\t\t\t\t<div class=\"elementor-element elementor-element-f7ef792 elementor-widget elementor-widget-text-editor\" data-id=\"f7ef792\" data-element_type=\"widget\" data-e-type=\"widget\" data-widget_type=\"text-editor.default\">\n\t\t\t\t<div class=\"elementor-widget-container\">\n\t\t\t\t\t\t\t\t\t<p>\u00a9 2022 Schmid &amp; Mayring &#8211; Zahnarztpraxis M\u00fcnchen<\/p>\t\t\t\t\t\t\t\t<\/div>\n\t\t\t\t<\/div>\n\t\t\t\t\t<\/div>\n\t\t<\/div>\n\t\t\t\t<div class=\"elementor-column elementor-col-33 elementor-top-column elementor-element elementor-element-785258b\" data-id=\"785258b\" data-element_type=\"column\" data-e-type=\"column\">\n\t\t\t<div class=\"elementor-widget-wrap elementor-element-populated\">\n\t\t\t\t\t\t<div class=\"elementor-element elementor-element-f6c832f elementor-widget elementor-widget-heading\" data-id=\"f6c832f\" data-element_type=\"widget\" data-e-type=\"widget\" data-widget_type=\"heading.default\">\n\t\t\t\t<div class=\"elementor-widget-container\">\n\t\t\t\t\t<h2 class=\"elementor-heading-title elementor-size-default\"><a href=\"http:\/\/schmidmayring.de\/en\/datenschutz\/\">Datenschutz<\/a><\/h2>\t\t\t\t<\/div>\n\t\t\t\t<\/div>\n\t\t\t\t\t<\/div>\n\t\t<\/div>\n\t\t\t\t\t<\/div>\n\t\t<\/section>\n\t\t\t\t<\/div>","protected":false},"excerpt":{"rendered":"<p>Lasertherapie Die Lasertherapie ist eine fortschrittliche Erg\u00e4nzung zu den herk\u00f6mmlichen Mitteln und Methoden der Zahnmedizin. Die Anwendungsm\u00f6glichkeiten von Laser bei zahnmedizinischen Behandlungen sind noch lange nicht ausgesch\u00f6pft und dennoch ist bereits&nbsp; eine Vielfalt an Vorteilen der Lasertherapien nachgewiesen und klinisch best\u00e4tigt. Die Vorteile der Lasertherapie bestehen darin, dass z. B. das N\u00e4hen von Wunden kaum [&hellip;]<\/p>\n","protected":false},"author":1,"featured_media":0,"parent":0,"menu_order":0,"comment_status":"closed","ping_status":"closed","template":"","meta":{"footnotes":""},"class_list":["post-736","page","type-page","status-publish","hentry"],"yoast_head":"<!-- This site is optimized with the Yoast SEO plugin v27.4 - https:\/\/yoast.com\/product\/yoast-seo-wordpress\/ -->\n<title>LASERTHERAPIE - Schmid &amp; Mayring<\/title>\n<meta name=\"robots\" content=\"index, follow, max-snippet:-1, max-image-preview:large, max-video-preview:-1\" \/>\n<link rel=\"canonical\" href=\"https:\/\/schmidmayring.de\/en\/lasertherapie\/\" \/>\n<meta property=\"og:locale\" content=\"en_GB\" \/>\n<meta property=\"og:type\" content=\"article\" \/>\n<meta property=\"og:title\" content=\"LASERTHERAPIE - Schmid &amp; Mayring\" \/>\n<meta property=\"og:description\" content=\"Lasertherapie Die Lasertherapie ist eine fortschrittliche Erg\u00e4nzung zu den herk\u00f6mmlichen Mitteln und Methoden der Zahnmedizin. Die Anwendungsm\u00f6glichkeiten von Laser bei zahnmedizinischen Behandlungen sind noch lange nicht ausgesch\u00f6pft und dennoch ist bereits&nbsp; eine Vielfalt an Vorteilen der Lasertherapien nachgewiesen und klinisch best\u00e4tigt. Die Vorteile der Lasertherapie bestehen darin, dass z. B. das N\u00e4hen von Wunden kaum [&hellip;]\" \/>\n<meta property=\"og:url\" content=\"https:\/\/schmidmayring.de\/en\/lasertherapie\/\" \/>\n<meta property=\"og:site_name\" content=\"Schmid &amp; Mayring\" \/>\n<meta property=\"article:modified_time\" content=\"2022-10-24T14:05:07+00:00\" \/>\n<meta name=\"twitter:card\" content=\"summary_large_image\" \/>\n<meta name=\"twitter:label1\" content=\"Estimated reading time\" \/>\n\t<meta name=\"twitter:data1\" content=\"2 minutes\" \/>\n<script type=\"application\/ld+json\" class=\"yoast-schema-graph\">{\"@context\":\"https:\\\/\\\/schema.org\",\"@graph\":[{\"@type\":\"WebPage\",\"@id\":\"https:\\\/\\\/schmidmayring.de\\\/lasertherapie\",\"url\":\"https:\\\/\\\/schmidmayring.de\\\/lasertherapie\",\"name\":\"LASERTHERAPIE - Schmid &amp; Mayring\",\"isPartOf\":{\"@id\":\"https:\\\/\\\/schmidmayring.de\\\/#website\"},\"datePublished\":\"2022-03-20T10:56:48+00:00\",\"dateModified\":\"2022-10-24T14:05:07+00:00\",\"breadcrumb\":{\"@id\":\"https:\\\/\\\/schmidmayring.de\\\/lasertherapie#breadcrumb\"},\"inLanguage\":\"en-GB\",\"potentialAction\":[{\"@type\":\"ReadAction\",\"target\":[\"https:\\\/\\\/schmidmayring.de\\\/lasertherapie\"]}]},{\"@type\":\"BreadcrumbList\",\"@id\":\"https:\\\/\\\/schmidmayring.de\\\/lasertherapie#breadcrumb\",\"itemListElement\":[{\"@type\":\"ListItem\",\"position\":1,\"name\":\"Startseite\",\"item\":\"https:\\\/\\\/schmidmayring.de\\\/\"},{\"@type\":\"ListItem\",\"position\":2,\"name\":\"LASERTHERAPIE\"}]},{\"@type\":\"WebSite\",\"@id\":\"https:\\\/\\\/schmidmayring.de\\\/#website\",\"url\":\"https:\\\/\\\/schmidmayring.de\\\/\",\"name\":\"Schmid &amp; Mayring\",\"description\":\"\",\"publisher\":{\"@id\":\"https:\\\/\\\/schmidmayring.de\\\/#organization\"},\"potentialAction\":[{\"@type\":\"SearchAction\",\"target\":{\"@type\":\"EntryPoint\",\"urlTemplate\":\"https:\\\/\\\/schmidmayring.de\\\/?s={search_term_string}\"},\"query-input\":{\"@type\":\"PropertyValueSpecification\",\"valueRequired\":true,\"valueName\":\"search_term_string\"}}],\"inLanguage\":\"en-GB\"},{\"@type\":\"Organization\",\"@id\":\"https:\\\/\\\/schmidmayring.de\\\/#organization\",\"name\":\"Schmid &amp; Mayring\",\"url\":\"https:\\\/\\\/schmidmayring.de\\\/\",\"logo\":{\"@type\":\"ImageObject\",\"inLanguage\":\"en-GB\",\"@id\":\"https:\\\/\\\/schmidmayring.de\\\/#\\\/schema\\\/logo\\\/image\\\/\",\"url\":\"https:\\\/\\\/schmidmayring.de\\\/wp-content\\\/uploads\\\/2022\\\/03\\\/zahn-11.svg\",\"contentUrl\":\"https:\\\/\\\/schmidmayring.de\\\/wp-content\\\/uploads\\\/2022\\\/03\\\/zahn-11.svg\",\"width\":512,\"height\":512,\"caption\":\"Schmid &amp; Mayring\"},\"image\":{\"@id\":\"https:\\\/\\\/schmidmayring.de\\\/#\\\/schema\\\/logo\\\/image\\\/\"}}]}<\/script>\n<!-- \/ Yoast SEO plugin. -->","yoast_head_json":{"title":"LASERTHERAPIE - Schmid &amp; Mayring","robots":{"index":"index","follow":"follow","max-snippet":"max-snippet:-1","max-image-preview":"max-image-preview:large","max-video-preview":"max-video-preview:-1"},"canonical":"https:\/\/schmidmayring.de\/en\/lasertherapie\/","og_locale":"en_GB","og_type":"article","og_title":"LASERTHERAPIE - Schmid &amp; Mayring","og_description":"Lasertherapie Die Lasertherapie ist eine fortschrittliche Erg\u00e4nzung zu den herk\u00f6mmlichen Mitteln und Methoden der Zahnmedizin. Die Anwendungsm\u00f6glichkeiten von Laser bei zahnmedizinischen Behandlungen sind noch lange nicht ausgesch\u00f6pft und dennoch ist bereits&nbsp; eine Vielfalt an Vorteilen der Lasertherapien nachgewiesen und klinisch best\u00e4tigt. Die Vorteile der Lasertherapie bestehen darin, dass z. B. das N\u00e4hen von Wunden kaum [&hellip;]","og_url":"https:\/\/schmidmayring.de\/en\/lasertherapie\/","og_site_name":"Schmid &amp; Mayring","article_modified_time":"2022-10-24T14:05:07+00:00","twitter_card":"summary_large_image","twitter_misc":{"Estimated reading time":"2 minutes"},"schema":{"@context":"https:\/\/schema.org","@graph":[{"@type":"WebPage","@id":"https:\/\/schmidmayring.de\/lasertherapie","url":"https:\/\/schmidmayring.de\/lasertherapie","name":"LASERTHERAPIE - Schmid &amp; Mayring","isPartOf":{"@id":"https:\/\/schmidmayring.de\/#website"},"datePublished":"2022-03-20T10:56:48+00:00","dateModified":"2022-10-24T14:05:07+00:00","breadcrumb":{"@id":"https:\/\/schmidmayring.de\/lasertherapie#breadcrumb"},"inLanguage":"en-GB","potentialAction":[{"@type":"ReadAction","target":["https:\/\/schmidmayring.de\/lasertherapie"]}]},{"@type":"BreadcrumbList","@id":"https:\/\/schmidmayring.de\/lasertherapie#breadcrumb","itemListElement":[{"@type":"ListItem","position":1,"name":"Startseite","item":"https:\/\/schmidmayring.de\/"},{"@type":"ListItem","position":2,"name":"LASERTHERAPIE"}]},{"@type":"WebSite","@id":"https:\/\/schmidmayring.de\/#website","url":"https:\/\/schmidmayring.de\/","name":"Schmid &amp; Mayring","description":"","publisher":{"@id":"https:\/\/schmidmayring.de\/#organization"},"potentialAction":[{"@type":"SearchAction","target":{"@type":"EntryPoint","urlTemplate":"https:\/\/schmidmayring.de\/?s={search_term_string}"},"query-input":{"@type":"PropertyValueSpecification","valueRequired":true,"valueName":"search_term_string"}}],"inLanguage":"en-GB"},{"@type":"Organization","@id":"https:\/\/schmidmayring.de\/#organization","name":"Schmid &amp; Mayring","url":"https:\/\/schmidmayring.de\/","logo":{"@type":"ImageObject","inLanguage":"en-GB","@id":"https:\/\/schmidmayring.de\/#\/schema\/logo\/image\/","url":"https:\/\/schmidmayring.de\/wp-content\/uploads\/2022\/03\/zahn-11.svg","contentUrl":"https:\/\/schmidmayring.de\/wp-content\/uploads\/2022\/03\/zahn-11.svg","width":512,"height":512,"caption":"Schmid &amp; Mayring"},"image":{"@id":"https:\/\/schmidmayring.de\/#\/schema\/logo\/image\/"}}]}},"_links":{"self":[{"href":"https:\/\/schmidmayring.de\/en\/wp-json\/wp\/v2\/pages\/736","targetHints":{"allow":["GET"]}}],"collection":[{"href":"https:\/\/schmidmayring.de\/en\/wp-json\/wp\/v2\/pages"}],"about":[{"href":"https:\/\/schmidmayring.de\/en\/wp-json\/wp\/v2\/types\/page"}],"author":[{"embeddable":true,"href":"https:\/\/schmidmayring.de\/en\/wp-json\/wp\/v2\/users\/1"}],"replies":[{"embeddable":true,"href":"https:\/\/schmidmayring.de\/en\/wp-json\/wp\/v2\/comments?post=736"}],"version-history":[{"count":52,"href":"https:\/\/schmidmayring.de\/en\/wp-json\/wp\/v2\/pages\/736\/revisions"}],"predecessor-version":[{"id":2578,"href":"https:\/\/schmidmayring.de\/en\/wp-json\/wp\/v2\/pages\/736\/revisions\/2578"}],"wp:attachment":[{"href":"https:\/\/schmidmayring.de\/en\/wp-json\/wp\/v2\/media?parent=736"}],"curies":[{"name":"wp","href":"https:\/\/api.w.org\/{rel}","templated":true}]}}