{"id":781,"date":"2022-03-20T11:11:11","date_gmt":"2022-03-20T11:11:11","guid":{"rendered":"http:\/\/schmidmayring.de\/?page_id=781"},"modified":"2022-10-24T14:07:12","modified_gmt":"2022-10-24T14:07:12","slug":"implantate","status":"publish","type":"page","link":"https:\/\/schmidmayring.de\/en\/implantate","title":{"rendered":"IMPLANTS"},"content":{"rendered":"<div data-elementor-type=\"wp-page\" data-elementor-id=\"781\" class=\"elementor elementor-781\" data-elementor-post-type=\"page\">\n\t\t\t\t\t\t<section class=\"elementor-section elementor-top-section elementor-element elementor-element-11ec99a elementor-section-height-min-height elementor-section-boxed elementor-section-height-default elementor-section-items-middle\" data-id=\"11ec99a\" data-element_type=\"section\" data-e-type=\"section\" data-settings=\"{&quot;background_background&quot;:&quot;classic&quot;}\">\n\t\t\t\t\t\t<div class=\"elementor-container elementor-column-gap-default\">\n\t\t\t\t\t<div class=\"elementor-column elementor-col-100 elementor-top-column elementor-element elementor-element-297cf6e\" data-id=\"297cf6e\" data-element_type=\"column\" data-e-type=\"column\">\n\t\t\t<div class=\"elementor-widget-wrap\">\n\t\t\t\t\t\t\t<\/div>\n\t\t<\/div>\n\t\t\t\t\t<\/div>\n\t\t<\/section>\n\t\t\t\t<section class=\"elementor-section elementor-top-section elementor-element elementor-element-c64e8a2 elementor-section-boxed elementor-section-height-default elementor-section-height-default\" data-id=\"c64e8a2\" data-element_type=\"section\" data-e-type=\"section\">\n\t\t\t\t\t\t<div class=\"elementor-container elementor-column-gap-default\">\n\t\t\t\t\t<div class=\"elementor-column elementor-col-100 elementor-top-column elementor-element elementor-element-80dffc6\" data-id=\"80dffc6\" data-element_type=\"column\" data-e-type=\"column\">\n\t\t\t<div class=\"elementor-widget-wrap elementor-element-populated\">\n\t\t\t\t\t\t<div class=\"elementor-element elementor-element-bbb712c elementor-widget elementor-widget-heading\" data-id=\"bbb712c\" data-element_type=\"widget\" data-e-type=\"widget\" data-widget_type=\"heading.default\">\n\t\t\t\t<div class=\"elementor-widget-container\">\n\t\t\t\t\t<h2 class=\"elementor-heading-title elementor-size-default\">IMPLANTS<\/h2>\t\t\t\t<\/div>\n\t\t\t\t<\/div>\n\t\t\t\t<div class=\"elementor-element elementor-element-1dbc543 elementor-widget-divider--view-line_icon elementor-view-default elementor-widget-divider--element-align-center elementor-widget elementor-widget-divider\" data-id=\"1dbc543\" data-element_type=\"widget\" data-e-type=\"widget\" data-widget_type=\"divider.default\">\n\t\t\t\t<div class=\"elementor-widget-container\">\n\t\t\t\t\t\t\t<div class=\"elementor-divider\">\n\t\t\t<span class=\"elementor-divider-separator\">\n\t\t\t\t\t\t\t<div class=\"elementor-icon elementor-divider__element\">\n\t\t\t\t\t<i aria-hidden=\"true\" class=\"fas fa-tooth\"><\/i><\/div>\n\t\t\t\t\t\t<\/span>\n\t\t<\/div>\n\t\t\t\t\t\t<\/div>\n\t\t\t\t<\/div>\n\t\t\t\t\t<\/div>\n\t\t<\/div>\n\t\t\t\t\t<\/div>\n\t\t<\/section>\n\t\t\t\t<section class=\"elementor-section elementor-top-section elementor-element elementor-element-669f9d5 elementor-section-boxed elementor-section-height-default elementor-section-height-default\" data-id=\"669f9d5\" data-element_type=\"section\" data-e-type=\"section\">\n\t\t\t\t\t\t<div class=\"elementor-container elementor-column-gap-default\">\n\t\t\t\t\t<div class=\"elementor-column elementor-col-100 elementor-top-column elementor-element elementor-element-6a02ca5\" data-id=\"6a02ca5\" data-element_type=\"column\" data-e-type=\"column\">\n\t\t\t<div class=\"elementor-widget-wrap elementor-element-populated\">\n\t\t\t\t\t\t<div class=\"elementor-element elementor-element-45a45c2 elementor-widget elementor-widget-text-editor\" data-id=\"45a45c2\" data-element_type=\"widget\" data-e-type=\"widget\" data-widget_type=\"text-editor.default\">\n\t\t\t\t<div class=\"elementor-widget-container\">\n\t\t\t\t\t\t\t\t\t<p><\/p>\n<p><\/p><main><p><\/p>\n<section class=\"padding-top__medium padding-bottom__medium margin-top__none margin-bottom__none sm-white\">\n<div class=\"headline-text container\">\n<div class=\"row\">\n<div class=\"headline-text__text-block col m6\">\n<div class=\"headline-text__text\">\n<p>Unter einem Implantat in der Zahnheilkunde&nbsp;versteht man eine k\u00fcnstliche Zahnwurzel, die in den&nbsp;Kieferknochen eingepflanzt werden kann. Diese&nbsp;Implantate haben meist ein zylindrisches oder&nbsp;schraubenf\u00f6rmiges Design und verwachsen mit dem&nbsp;Kieferknochen.<\/p>\n<p><br><\/p>\n<p>Auf diese Art und Weise k\u00f6nnen die Implantate&nbsp;nahezu die gleichen Aufgaben erf\u00fcllen wie die&nbsp;nat\u00fcrliche Zahnwurzel.<\/p>\n<p>Implantate k\u00f6nnen im Zusammenhang mit den&nbsp;unterschiedlichsten prothetischen Versorgungen&nbsp;zum Einsatz kommen und erf\u00fcllen meist den&nbsp;h\u00f6chsten Wirkungsgrad im Anspruch auf \u00c4sthetik und&nbsp;Funktionalit\u00e4t.<\/p><p><br><\/p>\n<p>For example, single crowns (single tooth replacement) can be attached to implants, as well as complete denture work, bridge restorations or even complete fixed dentures in the case of a completely edentulous jaw (several implants are necessary for this).<\/p><p><br><\/p>\n<p>Dental implants have been used in dentistry for about 40 years.&nbsp;&nbsp;<span style=\"color: var( --e-global-color-b8d1d84 ); font-style: var( --e-global-typography-d8106cd-font-style ); font-weight: var( --e-global-typography-d8106cd-font-weight ); letter-spacing: var( --e-global-typography-d8106cd-letter-spacing ); text-transform: var( --e-global-typography-d8106cd-text-transform ); word-spacing: var( --e-global-typography-d8106cd-word-spacing );\">Durch intensive Forschungsarbeiten auf dem Gebiet der Implantologie in den letzten Jahren&nbsp;kristallisierte sich der Werkstoff Titan (hochreines Titan) als das Basismaterial f\u00fcr fast alle zahn\u00e4rztlichen Implantate heraus. Titan zeigt eine besonders gewebefreundliche (biokompatible) Eigenschaft als Zahnimplantat. Neueste Forschungen zeigen, dass auch Implantate aus Keramik vielversprechende Ergebnisse erbracht haben.<\/span><\/p>\n<\/div>\n<\/div>\n<\/div>\n<\/div>\n<\/section>\n<p><\/p><\/main><p><\/p>\n<footer class=\"page-footer\">\n<div class=\"container\">\n<div class=\"row\">\n<div class=\"col s12\">&nbsp;<\/div>\n<\/div>\n<\/div>\n<\/footer>\t\t\t\t\t\t\t\t<\/div>\n\t\t\t\t<\/div>\n\t\t\t\t\t<\/div>\n\t\t<\/div>\n\t\t\t\t\t<\/div>\n\t\t<\/section>\n\t\t\t\t<section class=\"elementor-section elementor-top-section elementor-element elementor-element-f627398 elementor-section-content-bottom elementor-section-boxed elementor-section-height-default elementor-section-height-default\" data-id=\"f627398\" data-element_type=\"section\" data-e-type=\"section\" data-settings=\"{&quot;background_background&quot;:&quot;classic&quot;}\">\n\t\t\t\t\t\t<div class=\"elementor-container elementor-column-gap-default\">\n\t\t\t\t\t<div class=\"elementor-column elementor-col-100 elementor-top-column elementor-element elementor-element-135be3f\" data-id=\"135be3f\" data-element_type=\"column\" data-e-type=\"column\">\n\t\t\t<div class=\"elementor-widget-wrap elementor-element-populated\">\n\t\t\t\t\t\t<div class=\"elementor-element elementor-element-812afe1 elementor-widget elementor-widget-heading\" data-id=\"812afe1\" data-element_type=\"widget\" data-e-type=\"widget\" data-widget_type=\"heading.default\">\n\t\t\t\t<div class=\"elementor-widget-container\">\n\t\t\t\t\t<h5 class=\"elementor-heading-title elementor-size-default\">Zahnarztpraxis<\/h5>\t\t\t\t<\/div>\n\t\t\t\t<\/div>\n\t\t\t\t<div class=\"elementor-element elementor-element-59e8c1d elementor-widget elementor-widget-heading\" data-id=\"59e8c1d\" data-element_type=\"widget\" data-e-type=\"widget\" data-widget_type=\"heading.default\">\n\t\t\t\t<div class=\"elementor-widget-container\">\n\t\t\t\t\t<h5 class=\"elementor-heading-title elementor-size-default\">Schmid &amp; Mayring\n<\/h5>\t\t\t\t<\/div>\n\t\t\t\t<\/div>\n\t\t\t\t<section class=\"elementor-section elementor-inner-section elementor-element elementor-element-3cb6243 elementor-section-boxed elementor-section-height-default elementor-section-height-default\" data-id=\"3cb6243\" data-element_type=\"section\" data-e-type=\"section\">\n\t\t\t\t\t\t<div class=\"elementor-container elementor-column-gap-default\">\n\t\t\t\t\t<div class=\"elementor-column elementor-col-50 elementor-inner-column elementor-element elementor-element-fc6e575\" data-id=\"fc6e575\" data-element_type=\"column\" data-e-type=\"column\">\n\t\t\t<div class=\"elementor-widget-wrap elementor-element-populated\">\n\t\t\t\t\t\t<div class=\"elementor-element elementor-element-212d65c elementor-widget elementor-widget-text-editor\" data-id=\"212d65c\" data-element_type=\"widget\" data-e-type=\"widget\" data-widget_type=\"text-editor.default\">\n\t\t\t\t<div class=\"elementor-widget-container\">\n\t\t\t\t\t\t\t\t\t<div class=\"row\"><div class=\"col s12\"><div class=\"row\"><div class=\"col s12\"><p class=\"sm-turquoise-text\">Dental Practice Munich (Schwabing)<br \/><span style=\"color: #ffffff; font-family: var( --e-global-typography-d8106cd-font-family ), Sans-serif; font-style: var( --e-global-typography-d8106cd-font-style ); letter-spacing: var( --e-global-typography-d8106cd-letter-spacing ); text-transform: var( --e-global-typography-d8106cd-text-transform ); word-spacing: var( --e-global-typography-d8106cd-word-spacing ); text-decoration: var( --e-global-typography-d8106cd-text-decoration );\"><span style=\"color: #000000; text-decoration: var( --e-global-typography-d8106cd-text-decoration );\">Leopoldstr.<\/span> <span style=\"color: #000000; text-decoration: var( --e-global-typography-d8106cd-text-decoration );\">115<\/span><br \/><\/span>80804 Munich<\/p><\/div><\/div><\/div><\/div><div class=\"row\"><div class=\"col s12 l4\"><div class=\"grey-text text-lighten-4\"><p>Phone: <a href=\"tel:+498936105040\">089 \/ 36 10 50 40<\/a><br \/>Email: <a href=\"mailto:praxis@schmidmayring.de\">praxis@schmidmayring.de<\/a><\/p><p>Appointment: <a href=\"https:\/\/www.doctolib.de\/zahnarztpraxis\/muenchen\/zahnarztpraxis-schmid-mayring\" target=\"_blank\" rel=\"noopener noreferrer\">book online<\/a><\/p><\/div><\/div><\/div>\t\t\t\t\t\t\t\t<\/div>\n\t\t\t\t<\/div>\n\t\t\t\t\t<\/div>\n\t\t<\/div>\n\t\t\t\t<div class=\"elementor-column elementor-col-50 elementor-inner-column elementor-element elementor-element-088bd01\" data-id=\"088bd01\" data-element_type=\"column\" data-e-type=\"column\">\n\t\t\t<div class=\"elementor-widget-wrap elementor-element-populated\">\n\t\t\t\t\t\t<div class=\"elementor-element elementor-element-02e78ed elementor-widget elementor-widget-heading\" data-id=\"02e78ed\" data-element_type=\"widget\" data-e-type=\"widget\" data-widget_type=\"heading.default\">\n\t\t\t\t<div class=\"elementor-widget-container\">\n\t\t\t\t\t<h5 class=\"elementor-heading-title elementor-size-default\">OPENING HOURS:<\/h5>\t\t\t\t<\/div>\n\t\t\t\t<\/div>\n\t\t\t\t<div class=\"elementor-element elementor-element-277628b elementor-align-center elementor-icon-list--layout-traditional elementor-list-item-link-full_width elementor-widget elementor-widget-icon-list\" data-id=\"277628b\" data-element_type=\"widget\" data-e-type=\"widget\" data-widget_type=\"icon-list.default\">\n\t\t\t\t<div class=\"elementor-widget-container\">\n\t\t\t\t\t\t\t<ul class=\"elementor-icon-list-items\">\n\t\t\t\t\t\t\t<li class=\"elementor-icon-list-item\">\n\t\t\t\t\t\t\t\t\t\t<span class=\"elementor-icon-list-text\">Montag - Donnerstag: 08:00 - 20:00<\/span>\n\t\t\t\t\t\t\t\t\t<\/li>\n\t\t\t\t\t\t\t\t<li class=\"elementor-icon-list-item\">\n\t\t\t\t\t\t\t\t\t\t<span class=\"elementor-icon-list-text\">Freitag: 08:00 - 15:00<\/span>\n\t\t\t\t\t\t\t\t\t<\/li>\n\t\t\t\t\t\t<\/ul>\n\t\t\t\t\t\t<\/div>\n\t\t\t\t<\/div>\n\t\t\t\t\t<\/div>\n\t\t<\/div>\n\t\t\t\t\t<\/div>\n\t\t<\/section>\n\t\t\t\t\t<\/div>\n\t\t<\/div>\n\t\t\t\t\t<\/div>\n\t\t<\/section>\n\t\t\t\t<section class=\"elementor-section elementor-top-section elementor-element elementor-element-fe36799 elementor-section-content-bottom elementor-section-boxed elementor-section-height-default elementor-section-height-default\" data-id=\"fe36799\" data-element_type=\"section\" data-e-type=\"section\" data-settings=\"{&quot;background_background&quot;:&quot;classic&quot;}\">\n\t\t\t\t\t\t<div class=\"elementor-container elementor-column-gap-no\">\n\t\t\t\t\t<div class=\"elementor-column elementor-col-33 elementor-top-column elementor-element elementor-element-c6db2e4\" data-id=\"c6db2e4\" data-element_type=\"column\" data-e-type=\"column\">\n\t\t\t<div class=\"elementor-widget-wrap elementor-element-populated\">\n\t\t\t\t\t\t<div class=\"elementor-element elementor-element-d73cbbd elementor-widget elementor-widget-heading\" data-id=\"d73cbbd\" data-element_type=\"widget\" data-e-type=\"widget\" data-widget_type=\"heading.default\">\n\t\t\t\t<div class=\"elementor-widget-container\">\n\t\t\t\t\t<h2 class=\"elementor-heading-title elementor-size-default\"><a href=\"http:\/\/schmidmayring.de\/en\/impressum\/\">Impressum  <\/a><\/h2>\t\t\t\t<\/div>\n\t\t\t\t<\/div>\n\t\t\t\t\t<\/div>\n\t\t<\/div>\n\t\t\t\t<div class=\"elementor-column elementor-col-33 elementor-top-column elementor-element elementor-element-0855323\" data-id=\"0855323\" data-element_type=\"column\" data-e-type=\"column\">\n\t\t\t<div class=\"elementor-widget-wrap elementor-element-populated\">\n\t\t\t\t\t\t<div class=\"elementor-element elementor-element-052809b elementor-widget elementor-widget-text-editor\" data-id=\"052809b\" data-element_type=\"widget\" data-e-type=\"widget\" data-widget_type=\"text-editor.default\">\n\t\t\t\t<div class=\"elementor-widget-container\">\n\t\t\t\t\t\t\t\t\t<p>\u00a9 2022 Schmid &amp; Mayring &#8211; Zahnarztpraxis M\u00fcnchen<\/p>\t\t\t\t\t\t\t\t<\/div>\n\t\t\t\t<\/div>\n\t\t\t\t\t<\/div>\n\t\t<\/div>\n\t\t\t\t<div class=\"elementor-column elementor-col-33 elementor-top-column elementor-element elementor-element-4e7a328\" data-id=\"4e7a328\" data-element_type=\"column\" data-e-type=\"column\">\n\t\t\t<div class=\"elementor-widget-wrap elementor-element-populated\">\n\t\t\t\t\t\t<div class=\"elementor-element elementor-element-0cf25a8 elementor-widget elementor-widget-heading\" data-id=\"0cf25a8\" data-element_type=\"widget\" data-e-type=\"widget\" data-widget_type=\"heading.default\">\n\t\t\t\t<div class=\"elementor-widget-container\">\n\t\t\t\t\t<h2 class=\"elementor-heading-title elementor-size-default\"><a href=\"http:\/\/schmidmayring.de\/en\/datenschutz\/\">Datenschutz<\/a><\/h2>\t\t\t\t<\/div>\n\t\t\t\t<\/div>\n\t\t\t\t\t<\/div>\n\t\t<\/div>\n\t\t\t\t\t<\/div>\n\t\t<\/section>\n\t\t\t\t<\/div>","protected":false},"excerpt":{"rendered":"<p>IMPLANTATE Unter einem Implantat in der Zahnheilkunde&nbsp;versteht man eine k\u00fcnstliche Zahnwurzel, die in den&nbsp;Kieferknochen eingepflanzt werden kann. Diese&nbsp;Implantate haben meist ein zylindrisches oder&nbsp;schraubenf\u00f6rmiges Design und verwachsen mit dem&nbsp;Kieferknochen. Auf diese Art und Weise k\u00f6nnen die Implantate&nbsp;nahezu die gleichen Aufgaben erf\u00fcllen wie die&nbsp;nat\u00fcrliche Zahnwurzel. Implantate k\u00f6nnen im Zusammenhang mit den&nbsp;unterschiedlichsten prothetischen Versorgungen&nbsp;zum Einsatz kommen und erf\u00fcllen [&hellip;]<\/p>\n","protected":false},"author":1,"featured_media":0,"parent":0,"menu_order":0,"comment_status":"closed","ping_status":"closed","template":"","meta":{"footnotes":""},"class_list":["post-781","page","type-page","status-publish","hentry"],"yoast_head":"<!-- This site is optimized with the Yoast SEO plugin v27.4 - https:\/\/yoast.com\/product\/yoast-seo-wordpress\/ -->\n<title>IMPLANTATE - Schmid &amp; Mayring<\/title>\n<meta name=\"robots\" content=\"index, follow, max-snippet:-1, max-image-preview:large, max-video-preview:-1\" \/>\n<link rel=\"canonical\" href=\"https:\/\/schmidmayring.de\/en\/implantate\/\" \/>\n<meta property=\"og:locale\" content=\"en_GB\" \/>\n<meta property=\"og:type\" content=\"article\" \/>\n<meta property=\"og:title\" content=\"IMPLANTATE - Schmid &amp; Mayring\" \/>\n<meta property=\"og:description\" content=\"IMPLANTATE Unter einem Implantat in der Zahnheilkunde&nbsp;versteht man eine k\u00fcnstliche Zahnwurzel, die in den&nbsp;Kieferknochen eingepflanzt werden kann. Diese&nbsp;Implantate haben meist ein zylindrisches oder&nbsp;schraubenf\u00f6rmiges Design und verwachsen mit dem&nbsp;Kieferknochen. Auf diese Art und Weise k\u00f6nnen die Implantate&nbsp;nahezu die gleichen Aufgaben erf\u00fcllen wie die&nbsp;nat\u00fcrliche Zahnwurzel. Implantate k\u00f6nnen im Zusammenhang mit den&nbsp;unterschiedlichsten prothetischen Versorgungen&nbsp;zum Einsatz kommen und erf\u00fcllen [&hellip;]\" \/>\n<meta property=\"og:url\" content=\"https:\/\/schmidmayring.de\/en\/implantate\/\" \/>\n<meta property=\"og:site_name\" content=\"Schmid &amp; Mayring\" \/>\n<meta property=\"article:modified_time\" content=\"2022-10-24T14:07:12+00:00\" \/>\n<meta name=\"twitter:card\" content=\"summary_large_image\" \/>\n<meta name=\"twitter:label1\" content=\"Estimated reading time\" \/>\n\t<meta name=\"twitter:data1\" content=\"2 minutes\" \/>\n<script type=\"application\/ld+json\" class=\"yoast-schema-graph\">{\"@context\":\"https:\\\/\\\/schema.org\",\"@graph\":[{\"@type\":\"WebPage\",\"@id\":\"https:\\\/\\\/schmidmayring.de\\\/implantate\",\"url\":\"https:\\\/\\\/schmidmayring.de\\\/implantate\",\"name\":\"IMPLANTATE - Schmid &amp; Mayring\",\"isPartOf\":{\"@id\":\"https:\\\/\\\/schmidmayring.de\\\/#website\"},\"datePublished\":\"2022-03-20T11:11:11+00:00\",\"dateModified\":\"2022-10-24T14:07:12+00:00\",\"breadcrumb\":{\"@id\":\"https:\\\/\\\/schmidmayring.de\\\/implantate#breadcrumb\"},\"inLanguage\":\"en-GB\",\"potentialAction\":[{\"@type\":\"ReadAction\",\"target\":[\"https:\\\/\\\/schmidmayring.de\\\/implantate\"]}]},{\"@type\":\"BreadcrumbList\",\"@id\":\"https:\\\/\\\/schmidmayring.de\\\/implantate#breadcrumb\",\"itemListElement\":[{\"@type\":\"ListItem\",\"position\":1,\"name\":\"Startseite\",\"item\":\"https:\\\/\\\/schmidmayring.de\\\/\"},{\"@type\":\"ListItem\",\"position\":2,\"name\":\"IMPLANTATE\"}]},{\"@type\":\"WebSite\",\"@id\":\"https:\\\/\\\/schmidmayring.de\\\/#website\",\"url\":\"https:\\\/\\\/schmidmayring.de\\\/\",\"name\":\"Schmid &amp; Mayring\",\"description\":\"\",\"publisher\":{\"@id\":\"https:\\\/\\\/schmidmayring.de\\\/#organization\"},\"potentialAction\":[{\"@type\":\"SearchAction\",\"target\":{\"@type\":\"EntryPoint\",\"urlTemplate\":\"https:\\\/\\\/schmidmayring.de\\\/?s={search_term_string}\"},\"query-input\":{\"@type\":\"PropertyValueSpecification\",\"valueRequired\":true,\"valueName\":\"search_term_string\"}}],\"inLanguage\":\"en-GB\"},{\"@type\":\"Organization\",\"@id\":\"https:\\\/\\\/schmidmayring.de\\\/#organization\",\"name\":\"Schmid &amp; Mayring\",\"url\":\"https:\\\/\\\/schmidmayring.de\\\/\",\"logo\":{\"@type\":\"ImageObject\",\"inLanguage\":\"en-GB\",\"@id\":\"https:\\\/\\\/schmidmayring.de\\\/#\\\/schema\\\/logo\\\/image\\\/\",\"url\":\"https:\\\/\\\/schmidmayring.de\\\/wp-content\\\/uploads\\\/2022\\\/03\\\/zahn-11.svg\",\"contentUrl\":\"https:\\\/\\\/schmidmayring.de\\\/wp-content\\\/uploads\\\/2022\\\/03\\\/zahn-11.svg\",\"width\":512,\"height\":512,\"caption\":\"Schmid &amp; Mayring\"},\"image\":{\"@id\":\"https:\\\/\\\/schmidmayring.de\\\/#\\\/schema\\\/logo\\\/image\\\/\"}}]}<\/script>\n<!-- \/ Yoast SEO plugin. -->","yoast_head_json":{"title":"IMPLANTATE - Schmid &amp; Mayring","robots":{"index":"index","follow":"follow","max-snippet":"max-snippet:-1","max-image-preview":"max-image-preview:large","max-video-preview":"max-video-preview:-1"},"canonical":"https:\/\/schmidmayring.de\/en\/implantate\/","og_locale":"en_GB","og_type":"article","og_title":"IMPLANTATE - Schmid &amp; Mayring","og_description":"IMPLANTATE Unter einem Implantat in der Zahnheilkunde&nbsp;versteht man eine k\u00fcnstliche Zahnwurzel, die in den&nbsp;Kieferknochen eingepflanzt werden kann. Diese&nbsp;Implantate haben meist ein zylindrisches oder&nbsp;schraubenf\u00f6rmiges Design und verwachsen mit dem&nbsp;Kieferknochen. Auf diese Art und Weise k\u00f6nnen die Implantate&nbsp;nahezu die gleichen Aufgaben erf\u00fcllen wie die&nbsp;nat\u00fcrliche Zahnwurzel. Implantate k\u00f6nnen im Zusammenhang mit den&nbsp;unterschiedlichsten prothetischen Versorgungen&nbsp;zum Einsatz kommen und erf\u00fcllen [&hellip;]","og_url":"https:\/\/schmidmayring.de\/en\/implantate\/","og_site_name":"Schmid &amp; Mayring","article_modified_time":"2022-10-24T14:07:12+00:00","twitter_card":"summary_large_image","twitter_misc":{"Estimated reading time":"2 minutes"},"schema":{"@context":"https:\/\/schema.org","@graph":[{"@type":"WebPage","@id":"https:\/\/schmidmayring.de\/implantate","url":"https:\/\/schmidmayring.de\/implantate","name":"IMPLANTATE - Schmid &amp; Mayring","isPartOf":{"@id":"https:\/\/schmidmayring.de\/#website"},"datePublished":"2022-03-20T11:11:11+00:00","dateModified":"2022-10-24T14:07:12+00:00","breadcrumb":{"@id":"https:\/\/schmidmayring.de\/implantate#breadcrumb"},"inLanguage":"en-GB","potentialAction":[{"@type":"ReadAction","target":["https:\/\/schmidmayring.de\/implantate"]}]},{"@type":"BreadcrumbList","@id":"https:\/\/schmidmayring.de\/implantate#breadcrumb","itemListElement":[{"@type":"ListItem","position":1,"name":"Startseite","item":"https:\/\/schmidmayring.de\/"},{"@type":"ListItem","position":2,"name":"IMPLANTATE"}]},{"@type":"WebSite","@id":"https:\/\/schmidmayring.de\/#website","url":"https:\/\/schmidmayring.de\/","name":"Schmid &amp; Mayring","description":"","publisher":{"@id":"https:\/\/schmidmayring.de\/#organization"},"potentialAction":[{"@type":"SearchAction","target":{"@type":"EntryPoint","urlTemplate":"https:\/\/schmidmayring.de\/?s={search_term_string}"},"query-input":{"@type":"PropertyValueSpecification","valueRequired":true,"valueName":"search_term_string"}}],"inLanguage":"en-GB"},{"@type":"Organization","@id":"https:\/\/schmidmayring.de\/#organization","name":"Schmid &amp; Mayring","url":"https:\/\/schmidmayring.de\/","logo":{"@type":"ImageObject","inLanguage":"en-GB","@id":"https:\/\/schmidmayring.de\/#\/schema\/logo\/image\/","url":"https:\/\/schmidmayring.de\/wp-content\/uploads\/2022\/03\/zahn-11.svg","contentUrl":"https:\/\/schmidmayring.de\/wp-content\/uploads\/2022\/03\/zahn-11.svg","width":512,"height":512,"caption":"Schmid &amp; Mayring"},"image":{"@id":"https:\/\/schmidmayring.de\/#\/schema\/logo\/image\/"}}]}},"_links":{"self":[{"href":"https:\/\/schmidmayring.de\/en\/wp-json\/wp\/v2\/pages\/781","targetHints":{"allow":["GET"]}}],"collection":[{"href":"https:\/\/schmidmayring.de\/en\/wp-json\/wp\/v2\/pages"}],"about":[{"href":"https:\/\/schmidmayring.de\/en\/wp-json\/wp\/v2\/types\/page"}],"author":[{"embeddable":true,"href":"https:\/\/schmidmayring.de\/en\/wp-json\/wp\/v2\/users\/1"}],"replies":[{"embeddable":true,"href":"https:\/\/schmidmayring.de\/en\/wp-json\/wp\/v2\/comments?post=781"}],"version-history":[{"count":70,"href":"https:\/\/schmidmayring.de\/en\/wp-json\/wp\/v2\/pages\/781\/revisions"}],"predecessor-version":[{"id":2603,"href":"https:\/\/schmidmayring.de\/en\/wp-json\/wp\/v2\/pages\/781\/revisions\/2603"}],"wp:attachment":[{"href":"https:\/\/schmidmayring.de\/en\/wp-json\/wp\/v2\/media?parent=781"}],"curies":[{"name":"wp","href":"https:\/\/api.w.org\/{rel}","templated":true}]}}